{"id":5806,"date":"2024-07-13T13:58:30","date_gmt":"2024-07-13T13:58:30","guid":{"rendered":"https:\/\/galungswa.com\/?post_type=product&#038;p=5806"},"modified":"2025-11-02T04:01:43","modified_gmt":"2025-11-02T04:01:43","slug":"autonomisation","status":"publish","type":"product","link":"https:\/\/galungswa.com\/fr\/product-2\/autonomisation\/","title":{"rendered":"Autonomisation de soi"},"content":{"rendered":"<h2 data-start=\"229\" data-end=\"316\"><strong data-start=\"232\" data-end=\"314\">Autonomisation - Formation pour actualiser le potentiel et am\u00e9liorer les performances<\/strong><\/h2>\n<h3 data-start=\"318\" data-end=\"381\"><strong data-start=\"322\" data-end=\"379\">D\u00e9veloppez votre conscience, votre confiance en vous et votre objectif de vie<\/strong><\/h3>\n<p data-start=\"382\" data-end=\"672\" class=\"translation-block\">Chaque individu dispose d'un potentiel \u00e9norme, mais ne le r\u00e9alise pas toujours. C'est pourquoi, gr\u00e2ce \u00e0 <strong data-start=\"490\" data-end=\"521\">la formation \u00e0 l'autonomie<\/strong>, vous apprendrez \u00e0 reconna\u00eetre votre force int\u00e9rieure, \u00e0 affiner vos comp\u00e9tences \u00e9motionnelles et \u00e0 prendre confiance en vous pour atteindre vos objectifs de vie et de carri\u00e8re.<\/p>\n<p data-start=\"674\" data-end=\"930\">En outre, la formation est con\u00e7ue pour \u00eatre interactive et r\u00e9fl\u00e9chie. Vous n'apprendrez pas seulement la th\u00e9orie, mais vous vous exercerez aussi \u00e0 l'appliquer dans la vie r\u00e9elle. Ainsi, vous \u00e9voluerez ensemble dans un environnement positif, ouvert et inspirant.<\/p>\n<hr data-start=\"932\" data-end=\"935\" \/>\n<h2 data-start=\"937\" data-end=\"976\"><strong data-start=\"940\" data-end=\"974\">Pourquoi cette formation est-elle importante ?<\/strong><\/h2>\n<ul data-start=\"978\" data-end=\"1580\">\n<li data-start=\"978\" data-end=\"1140\">\n<p data-start=\"980\" data-end=\"1140\" class=\"translation-block\"><strong data-start=\"980\" data-end=\"1005\">Finding Life Direction:<\/strong> Cette formation vous aide \u00e0 comprendre votre v\u00e9ritable valeur et votre potentiel. Gr\u00e2ce \u00e0 cette prise de conscience, vous pouvez prendre des d\u00e9cisions plus r\u00e9fl\u00e9chies.<\/p>\n<\/li>\n<li data-start=\"1141\" data-end=\"1297\">\n<p data-start=\"1143\" data-end=\"1297\" class=\"translation-block\"><strong data-start=\"1143\" data-end=\"1177\">Augmenter la confiance en soi:<\/strong> Gr\u00e2ce \u00e0 des exercices mentaux et \u00e9motionnels, vous apprenez \u00e0 d\u00e9velopper un \u00e9tat d'esprit positif ainsi que le courage d'agir.<\/p>\n<\/li>\n<li data-start=\"1298\" data-end=\"1440\">\n<p data-start=\"1300\" data-end=\"1440\" class=\"translation-block\"><strong data-start=\"1300\" data-end=\"1332\">Construire des relations harmonieuses:<\/strong> Outre le d\u00e9veloppement personnel, cette formation enseigne \u00e9galement l'empathie et la communication efficace au sein des \u00e9quipes.<\/p>\n<\/li>\n<li data-start=\"1441\" data-end=\"1580\">\n<p data-start=\"1443\" data-end=\"1580\" class=\"translation-block\"><strong data-start=\"1443\" data-end=\"1471\">Atteindre les objectifs ensemble:<\/strong> Avec une forte synergie, le d\u00e9veloppement personnel et professionnel peut s'aligner vers les meilleurs r\u00e9sultats.<\/p>\n<\/li>\n<\/ul>\n<p data-start=\"1582\" data-end=\"1717\">En suivant cette formation, vous n'am\u00e9liorez pas seulement vos performances, mais vous trouvez \u00e9galement un sens plus profond \u00e0 chaque action.<\/p>\n<hr data-start=\"1719\" data-end=\"1722\" \/>\n<h2 data-start=\"1724\" data-end=\"1766\"><strong data-start=\"1727\" data-end=\"1764\">\u00c9tapes du programme d'auto-habilitation<\/strong><\/h2>\n<p data-start=\"1768\" data-end=\"1865\">La formation est structur\u00e9e en \u00e9tapes pour rendre le processus d'apprentissage naturel et amusant.<\/p>\n<ol data-start=\"1867\" data-end=\"2347\">\n<li data-start=\"1867\" data-end=\"1967\">\n<p data-start=\"1870\" data-end=\"1967\" class=\"translation-block\"><strong data-start=\"1870\" data-end=\"1889\">Auto-\u00e9valuation:<\/strong> Vous commencerez par identifier vos points forts et vos domaines de d\u00e9veloppement.<\/p>\n<\/li>\n<li data-start=\"1968\" data-end=\"2095\">\n<p data-start=\"1971\" data-end=\"2095\" class=\"translation-block\"><strong data-start=\"1971\" data-end=\"1995\">Atelier interactif:<\/strong> Ensuite, vous apprenez les concepts et les techniques de transformation de soi \u00e0 travers des sessions ludiques.<\/p>\n<\/li>\n<li data-start=\"2096\" data-end=\"2208\">\n<p data-start=\"2099\" data-end=\"2208\" class=\"translation-block\"><strong data-start=\"2099\" data-end=\"2120\">Pratique sur le terrain:<\/strong> Ensuite, vous appliquez les nouvelles strat\u00e9gies dans votre vie quotidienne et votre travail.<\/p>\n<\/li>\n<li data-start=\"2209\" data-end=\"2347\">\n<p data-start=\"2212\" data-end=\"2347\" class=\"translation-block\"><strong data-start=\"2212\" data-end=\"2238\">\u00c9valuation et r\u00e9flexion:<\/strong> Enfin, vous examinez les r\u00e9sultats, puis \u00e9laborez les prochaines \u00e9tapes pour maintenir une croissance durable.<\/p>\n<\/li>\n<\/ol>\n<p data-start=\"2349\" data-end=\"2453\">Chaque \u00e9tape vous aide \u00e0 devenir plus conscient, plus actif et plus inspir\u00e9 pour changer avec une nouvelle confiance.<\/p>\n<hr data-start=\"2455\" data-end=\"2458\" \/>\n<h2 data-start=\"2460\" data-end=\"2495\"><strong data-start=\"2463\" data-end=\"2493\">\u00c0 qui s'adresse cette formation ?<\/strong><\/h2>\n<p data-start=\"2497\" data-end=\"2573\">Cette formation est ouverte \u00e0 toute personne souhaitant se d\u00e9velopper, entre autres :<\/p>\n<ul data-start=\"2574\" data-end=\"2894\">\n<li data-start=\"2574\" data-end=\"2639\">\n<p data-start=\"2576\" data-end=\"2639\">Les employ\u00e9s et le personnel de l'entreprise qui souhaitent am\u00e9liorer leurs performances.<\/p>\n<\/li>\n<li data-start=\"2640\" data-end=\"2721\">\n<p data-start=\"2642\" data-end=\"2721\">Les \u00e9quipes de vente et de service \u00e0 la client\u00e8le qui souhaitent renforcer la motivation et l'empathie.<\/p>\n<\/li>\n<li data-start=\"2722\" data-end=\"2808\">\n<p data-start=\"2724\" data-end=\"2808\">Les dirigeants ou les managers qui souhaitent inspirer leurs \u00e9quipes par un leadership conscient.<\/p>\n<\/li>\n<li data-start=\"2809\" data-end=\"2894\">\n<p data-start=\"2811\" data-end=\"2894\">Les personnes qui souhaitent se d\u00e9velopper et trouver une orientation plus claire dans la vie.<\/p>\n<\/li>\n<\/ul>\n<hr data-start=\"2896\" data-end=\"2899\" \/>\n<h2 data-start=\"2901\" data-end=\"2941\"><strong data-start=\"2904\" data-end=\"2939\">\ud83c\udf3a Les r\u00e9sultats que vous obtiendrez<\/strong><\/h2>\n<p data-start=\"2943\" data-end=\"3025\">Apr\u00e8s cette formation, vous sentirez un r\u00e9el changement en vous.<\/p>\n<ul data-start=\"3026\" data-end=\"3365\">\n<li data-start=\"3026\" data-end=\"3071\">\n<p data-start=\"3028\" data-end=\"3071\">Vous \u00eates plus concentr\u00e9 et plus motiv\u00e9.<\/p>\n<\/li>\n<li data-start=\"3072\" data-end=\"3115\">\n<p data-start=\"3074\" data-end=\"3115\">L'esprit est plus clair et plus calme.<\/p>\n<\/li>\n<li data-start=\"3116\" data-end=\"3165\">\n<p data-start=\"3118\" data-end=\"3165\">Les objectifs de vie deviennent plus clairs et plus pr\u00e9cis.<\/p>\n<\/li>\n<li data-start=\"3166\" data-end=\"3242\">\n<p data-start=\"3168\" data-end=\"3242\">En outre, vous \u00eates en mesure de g\u00e9rer le stress de mani\u00e8re intelligente et r\u00e9fl\u00e9chie.<\/p>\n<\/li>\n<li data-start=\"3243\" data-end=\"3365\">\n<p data-start=\"3245\" data-end=\"3365\">En fin de compte, vous \u00eates pr\u00eat \u00e0 contribuer avec une \u00e9nergie positive, tant dans votre environnement de travail que dans votre vie personnelle.<\/p>\n<\/li>\n<\/ul>","protected":false},"excerpt":{"rendered":"<p>La formation \u00e0 l'autonomisation vous aide \u00e0 reconna\u00eetre votre potentiel, \u00e0 renforcer votre confiance et \u00e0 r\u00e9ussir sur le plan personnel et professionnel gr\u00e2ce \u00e0 un apprentissage interactif et inspirant.<\/p>\n<p>Dur\u00e9e 4 x r\u00e9unions<\/p>","protected":false},"featured_media":4108,"comment_status":"open","ping_status":"closed","template":"","meta":{"_acf_changed":false,"_kad_blocks_custom_css":"","_kad_blocks_head_custom_js":"","_kad_blocks_body_custom_js":"","_kad_blocks_footer_custom_js":""},"product_brand":[],"product_cat":[53],"product_tag":[],"class_list":{"0":"post-5806","1":"product","2":"type-product","3":"status-publish","4":"has-post-thumbnail","6":"product_cat-workshop","8":"first","9":"instock","10":"shipping-taxable","11":"product-type-simple"},"acf":[],"yoast_head":"<!-- This site is optimized with the Yoast SEO Premium plugin v26.0 (Yoast SEO v27.4) - https:\/\/yoast.com\/product\/yoast-seo-premium-wordpress\/ -->\n<title>Pemberdayaan Diri - Spiritual awareness &amp; chakra healing master<\/title>\n<meta name=\"description\" content=\"Pelatihan pemberdayaan diri untuk mengenali potensi, meningkatkan kepercayaan diri, dan mencapai kesuksesan pribadi serta profesional.\" \/>\n<meta name=\"robots\" content=\"index, follow, max-snippet:-1, max-image-preview:large, max-video-preview:-1\" \/>\n<link rel=\"canonical\" href=\"https:\/\/galungswa.com\/fr\/product-2\/autonomisation\/\" \/>\n<meta property=\"og:locale\" content=\"fr_FR\" \/>\n<meta property=\"og:type\" content=\"article\" \/>\n<meta property=\"og:title\" content=\"Pemberdayaan Diri\" \/>\n<meta property=\"og:description\" content=\"Pelatihan pemberdayaan diri untuk mengenali potensi, meningkatkan kepercayaan diri, dan mencapai kesuksesan pribadi serta profesional.\" \/>\n<meta property=\"og:url\" content=\"https:\/\/galungswa.com\/fr\/product-2\/autonomisation\/\" \/>\n<meta property=\"og:site_name\" content=\"Spiritual awareness &amp; chakra healing master\" \/>\n<meta property=\"article:modified_time\" content=\"2025-11-02T04:01:43+00:00\" \/>\n<meta property=\"og:image\" content=\"https:\/\/galungswa.com\/wp-content\/uploads\/2024\/06\/IMG_2423.jpg\" \/>\n\t<meta property=\"og:image:width\" content=\"1600\" \/>\n\t<meta property=\"og:image:height\" content=\"1200\" \/>\n\t<meta property=\"og:image:type\" content=\"image\/jpeg\" \/>\n<meta name=\"twitter:card\" content=\"summary_large_image\" \/>\n<meta name=\"twitter:site\" content=\"@galungswa\" \/>\n<meta name=\"twitter:label1\" content=\"Prix\" \/>\n\t<meta name=\"twitter:data1\" content=\"\" \/>\n\t<meta name=\"twitter:label2\" content=\"Disponibilit\u00e9\" \/>\n\t<meta name=\"twitter:data2\" content=\"En stock\" \/>\n<script type=\"application\/ld+json\" class=\"yoast-schema-graph\">{\"@context\":\"https:\\\/\\\/schema.org\",\"@graph\":[{\"@type\":\"WebPage\",\"@id\":\"https:\\\/\\\/galungswa.com\\\/produk\\\/pemberdayaan-diri\\\/\",\"url\":\"https:\\\/\\\/galungswa.com\\\/produk\\\/pemberdayaan-diri\\\/\",\"name\":\"Pemberdayaan Diri - Spiritual awareness &amp; chakra healing master\",\"isPartOf\":{\"@id\":\"https:\\\/\\\/galungswa.com\\\/#website\"},\"primaryImageOfPage\":{\"@id\":\"https:\\\/\\\/galungswa.com\\\/produk\\\/pemberdayaan-diri\\\/#primaryimage\"},\"image\":{\"@id\":\"https:\\\/\\\/galungswa.com\\\/produk\\\/pemberdayaan-diri\\\/#primaryimage\"},\"thumbnailUrl\":\"https:\\\/\\\/galungswa.com\\\/wp-content\\\/uploads\\\/2024\\\/06\\\/IMG_2423.jpg\",\"datePublished\":\"2024-07-13T13:58:30+00:00\",\"dateModified\":\"2025-11-02T04:01:43+00:00\",\"description\":\"Pelatihan pemberdayaan diri untuk mengenali potensi, meningkatkan kepercayaan diri, dan mencapai kesuksesan pribadi serta profesional.\",\"breadcrumb\":{\"@id\":\"https:\\\/\\\/galungswa.com\\\/produk\\\/pemberdayaan-diri\\\/#breadcrumb\"},\"inLanguage\":\"fr-FR\",\"potentialAction\":[{\"@type\":\"ReadAction\",\"target\":[\"https:\\\/\\\/galungswa.com\\\/produk\\\/pemberdayaan-diri\\\/\"]}]},{\"@type\":\"ImageObject\",\"inLanguage\":\"fr-FR\",\"@id\":\"https:\\\/\\\/galungswa.com\\\/produk\\\/pemberdayaan-diri\\\/#primaryimage\",\"url\":\"https:\\\/\\\/galungswa.com\\\/wp-content\\\/uploads\\\/2024\\\/06\\\/IMG_2423.jpg\",\"contentUrl\":\"https:\\\/\\\/galungswa.com\\\/wp-content\\\/uploads\\\/2024\\\/06\\\/IMG_2423.jpg\",\"width\":1600,\"height\":1200,\"caption\":\"pemberdayan diri by galung swa\"},{\"@type\":\"BreadcrumbList\",\"@id\":\"https:\\\/\\\/galungswa.com\\\/produk\\\/pemberdayaan-diri\\\/#breadcrumb\",\"itemListElement\":[{\"@type\":\"ListItem\",\"position\":1,\"name\":\"Beranda\",\"item\":\"https:\\\/\\\/galungswa.com\\\/\"},{\"@type\":\"ListItem\",\"position\":2,\"name\":\"Layanan\",\"item\":\"https:\\\/\\\/galungswa.com\\\/id_id\\\/layanan\\\/\"},{\"@type\":\"ListItem\",\"position\":3,\"name\":\"Pemberdayaan Diri\"}]},{\"@type\":\"WebSite\",\"@id\":\"https:\\\/\\\/galungswa.com\\\/#website\",\"url\":\"https:\\\/\\\/galungswa.com\\\/\",\"name\":\"Spiritual Awereness & Chakra Healing\",\"description\":\"Perluas Batasan &amp; Wujudkan Impian\",\"publisher\":{\"@id\":\"https:\\\/\\\/galungswa.com\\\/#\\\/schema\\\/person\\\/3e0d3d42b2e1c9955ef95ee9f0d80a08\"},\"alternateName\":\"Galung Swa: Spiritual Awereness Mentor and Chakra Healer\",\"potentialAction\":[{\"@type\":\"SearchAction\",\"target\":{\"@type\":\"EntryPoint\",\"urlTemplate\":\"https:\\\/\\\/galungswa.com\\\/?s={search_term_string}\"},\"query-input\":{\"@type\":\"PropertyValueSpecification\",\"valueRequired\":true,\"valueName\":\"search_term_string\"}}],\"inLanguage\":\"fr-FR\"},{\"@type\":[\"Person\",\"Organization\"],\"@id\":\"https:\\\/\\\/galungswa.com\\\/#\\\/schema\\\/person\\\/3e0d3d42b2e1c9955ef95ee9f0d80a08\",\"name\":\"admings\",\"image\":{\"@type\":\"ImageObject\",\"inLanguage\":\"fr-FR\",\"@id\":\"https:\\\/\\\/galungswa.com\\\/wp-content\\\/uploads\\\/2024\\\/06\\\/200px-LOGO.png\",\"url\":\"https:\\\/\\\/galungswa.com\\\/wp-content\\\/uploads\\\/2024\\\/06\\\/200px-LOGO.png\",\"contentUrl\":\"https:\\\/\\\/galungswa.com\\\/wp-content\\\/uploads\\\/2024\\\/06\\\/200px-LOGO.png\",\"width\":200,\"height\":200,\"caption\":\"admings\"},\"logo\":{\"@id\":\"https:\\\/\\\/galungswa.com\\\/wp-content\\\/uploads\\\/2024\\\/06\\\/200px-LOGO.png\"},\"sameAs\":[\"https:\\\/\\\/galungswa.com\"]}]}<\/script>\n<meta property=\"product:price:currency\" content=\"IDR\" \/>\n<meta property=\"og:availability\" content=\"instock\" \/>\n<meta property=\"product:availability\" content=\"instock\" \/>\n<meta property=\"product:condition\" content=\"new\" \/>\n<!-- \/ Yoast SEO Premium plugin. -->","yoast_head_json":{"title":"Self Empowerment - Ma\u00eetre de la conscience spirituelle et de la gu\u00e9rison des chakras","description":"Formation \u00e0 l'autonomisation pour reconna\u00eetre le potentiel, renforcer la confiance en soi et atteindre la r\u00e9ussite personnelle et professionnelle.","robots":{"index":"index","follow":"follow","max-snippet":"max-snippet:-1","max-image-preview":"max-image-preview:large","max-video-preview":"max-video-preview:-1"},"canonical":"https:\/\/galungswa.com\/fr\/product-2\/autonomisation\/","og_locale":"fr_FR","og_type":"article","og_title":"Pemberdayaan Diri","og_description":"Pelatihan pemberdayaan diri untuk mengenali potensi, meningkatkan kepercayaan diri, dan mencapai kesuksesan pribadi serta profesional.","og_url":"https:\/\/galungswa.com\/fr\/product-2\/autonomisation\/","og_site_name":"Spiritual awareness &amp; chakra healing master","article_modified_time":"2025-11-02T04:01:43+00:00","og_image":[{"width":1600,"height":1200,"url":"https:\/\/galungswa.com\/wp-content\/uploads\/2024\/06\/IMG_2423.jpg","type":"image\/jpeg"}],"twitter_card":"summary_large_image","twitter_site":"@galungswa","twitter_misc":{"Prix":"","Disponibilit\u00e9":"En stock"},"schema":{"@context":"https:\/\/schema.org","@graph":[{"@type":"WebPage","@id":"https:\/\/galungswa.com\/produk\/pemberdayaan-diri\/","url":"https:\/\/galungswa.com\/produk\/pemberdayaan-diri\/","name":"Self Empowerment - Ma\u00eetre de la conscience spirituelle et de la gu\u00e9rison des chakras","isPartOf":{"@id":"https:\/\/galungswa.com\/#website"},"primaryImageOfPage":{"@id":"https:\/\/galungswa.com\/produk\/pemberdayaan-diri\/#primaryimage"},"image":{"@id":"https:\/\/galungswa.com\/produk\/pemberdayaan-diri\/#primaryimage"},"thumbnailUrl":"https:\/\/galungswa.com\/wp-content\/uploads\/2024\/06\/IMG_2423.jpg","datePublished":"2024-07-13T13:58:30+00:00","dateModified":"2025-11-02T04:01:43+00:00","description":"Formation \u00e0 l'autonomisation pour reconna\u00eetre le potentiel, renforcer la confiance en soi et atteindre la r\u00e9ussite personnelle et professionnelle.","breadcrumb":{"@id":"https:\/\/galungswa.com\/produk\/pemberdayaan-diri\/#breadcrumb"},"inLanguage":"fr-FR","potentialAction":[{"@type":"ReadAction","target":["https:\/\/galungswa.com\/produk\/pemberdayaan-diri\/"]}]},{"@type":"ImageObject","inLanguage":"fr-FR","@id":"https:\/\/galungswa.com\/produk\/pemberdayaan-diri\/#primaryimage","url":"https:\/\/galungswa.com\/wp-content\/uploads\/2024\/06\/IMG_2423.jpg","contentUrl":"https:\/\/galungswa.com\/wp-content\/uploads\/2024\/06\/IMG_2423.jpg","width":1600,"height":1200,"caption":"pemberdayan diri by galung swa"},{"@type":"BreadcrumbList","@id":"https:\/\/galungswa.com\/produk\/pemberdayaan-diri\/#breadcrumb","itemListElement":[{"@type":"ListItem","position":1,"name":"Beranda","item":"https:\/\/galungswa.com\/"},{"@type":"ListItem","position":2,"name":"Layanan","item":"https:\/\/galungswa.com\/id_id\/layanan\/"},{"@type":"ListItem","position":3,"name":"Pemberdayaan Diri"}]},{"@type":"WebSite","@id":"https:\/\/galungswa.com\/#website","url":"https:\/\/galungswa.com\/","name":"Conscience spirituelle et gu\u00e9rison des chakras","description":"Repousser les limites et r\u00e9aliser ses r\u00eaves","publisher":{"@id":"https:\/\/galungswa.com\/#\/schema\/person\/3e0d3d42b2e1c9955ef95ee9f0d80a08"},"alternateName":"Galung Swa: Spiritual Awereness Mentor and Chakra Healer","potentialAction":[{"@type":"SearchAction","target":{"@type":"EntryPoint","urlTemplate":"https:\/\/galungswa.com\/?s={search_term_string}"},"query-input":{"@type":"PropertyValueSpecification","valueRequired":true,"valueName":"search_term_string"}}],"inLanguage":"fr-FR"},{"@type":["Person","Organization"],"@id":"https:\/\/galungswa.com\/#\/schema\/person\/3e0d3d42b2e1c9955ef95ee9f0d80a08","name":"admissions","image":{"@type":"ImageObject","inLanguage":"fr-FR","@id":"https:\/\/galungswa.com\/wp-content\/uploads\/2024\/06\/200px-LOGO.png","url":"https:\/\/galungswa.com\/wp-content\/uploads\/2024\/06\/200px-LOGO.png","contentUrl":"https:\/\/galungswa.com\/wp-content\/uploads\/2024\/06\/200px-LOGO.png","width":200,"height":200,"caption":"admings"},"logo":{"@id":"https:\/\/galungswa.com\/wp-content\/uploads\/2024\/06\/200px-LOGO.png"},"sameAs":["https:\/\/galungswa.com"]}]},"product_price_currency":"IDR","og_availability":"instock","product_availability":"instock","product_condition":"new"},"taxonomy_info":{"product_cat":[{"value":53,"label":"Workshop"}]},"featured_image_src_large":["https:\/\/galungswa.com\/wp-content\/uploads\/2024\/06\/IMG_2423-1024x1024.jpg",595,595,true],"author_info":[],"comment_info":1,"_links":{"self":[{"href":"https:\/\/galungswa.com\/fr\/wp-json\/wp\/v2\/product\/5806","targetHints":{"allow":["GET"]}}],"collection":[{"href":"https:\/\/galungswa.com\/fr\/wp-json\/wp\/v2\/product"}],"about":[{"href":"https:\/\/galungswa.com\/fr\/wp-json\/wp\/v2\/types\/product"}],"replies":[{"embeddable":true,"href":"https:\/\/galungswa.com\/fr\/wp-json\/wp\/v2\/comments?post=5806"}],"wp:featuredmedia":[{"embeddable":true,"href":"https:\/\/galungswa.com\/fr\/wp-json\/wp\/v2\/media\/4108"}],"wp:attachment":[{"href":"https:\/\/galungswa.com\/fr\/wp-json\/wp\/v2\/media?parent=5806"}],"wp:term":[{"taxonomy":"product_brand","embeddable":true,"href":"https:\/\/galungswa.com\/fr\/wp-json\/wp\/v2\/product_brand?post=5806"},{"taxonomy":"product_cat","embeddable":true,"href":"https:\/\/galungswa.com\/fr\/wp-json\/wp\/v2\/product_cat?post=5806"},{"taxonomy":"product_tag","embeddable":true,"href":"https:\/\/galungswa.com\/fr\/wp-json\/wp\/v2\/product_tag?post=5806"}],"curies":[{"name":"wp","href":"https:\/\/api.w.org\/{rel}","templated":true}]}}