{"id":5802,"date":"2024-07-13T13:48:02","date_gmt":"2024-07-13T13:48:02","guid":{"rendered":"https:\/\/galungswa.com\/?post_type=product&#038;p=5802"},"modified":"2025-11-02T06:27:04","modified_gmt":"2025-11-02T06:27:04","slug":"atelier-aura-chakra","status":"publish","type":"product","link":"https:\/\/galungswa.com\/fr\/product-2\/atelier-aura-chakra\/","title":{"rendered":"Atelier Aura-chakra"},"content":{"rendered":"<h2 data-start=\"295\" data-end=\"380\"><strong data-start=\"298\" data-end=\"380\">Atelier Aura Chakra - Activation du 6\u00e8me sens et de la conscience spirituelle humaine<\/strong><\/h2>\n<h3 data-start=\"382\" data-end=\"424\"><strong data-start=\"386\" data-end=\"424\">Reconna\u00eetre la dimension cach\u00e9e du soi<\/strong><\/h3>\n<p data-start=\"295\" data-end=\"380\" class=\"translation-block\"><strong data-start=\"298\" data-end=\"380\">Atelier Aura Chakra : <\/strong>L'homme est un \u00eatre holistique parfait. C'est-\u00e0-dire que nous avons non seulement les cinq sens, mais aussi <strong data-start=\"531\" data-end=\"545\">le 6e sens<\/strong> - la capacit\u00e9 int\u00e9rieure de projeter les pens\u00e9es et les \u00e9motions dans la r\u00e9alit\u00e9.<\/p> <p><strong data-start=\"620\" data-end=\"623\">Pourtant, la plupart des humains n'ont pas pleinement r\u00e9alis\u00e9 ce potentiel extraordinaire. Il en r\u00e9sulte une distance entre la spiritualit\u00e9 et la logique, comme si elles \u00e9taient contradictoires. En fait, ce sont les deux faces d'une m\u00eame conscience : <strong data-start=\"866\" data-end=\"888\">l'esprit et l'\u00e9nergie<\/strong>.<\/p>\n<hr data-start=\"893\" data-end=\"896\" \/>\n<h2 data-start=\"898\" data-end=\"950\"><strong data-start=\"901\" data-end=\"950\">La fonction du 6e sens dans la vie quotidienne<\/strong><\/h2>\n<p data-start=\"951\" data-end=\"1145\">Le 6e sens fonctionne comme un pont entre le monde physique et le monde \u00e9nerg\u00e9tique. Lorsqu'on l'active, la conscience devient plus fine et plus intuitive. Voici quelques-unes de ses fonctions dans la vie :<\/p>\n<ul data-start=\"1147\" data-end=\"1812\">\n<li data-start=\"1147\" data-end=\"1253\">\n<p data-start=\"1149\" data-end=\"1253\" class=\"translation-block\"><strong data-start=\"1149\" data-end=\"1185\">Augmente la sensibilit\u00e9 des sens<\/strong>, vous rendant plus sensible \u00e0 l'\u00e9nergie et \u00e0 l'atmosph\u00e8re qui vous entourent.<\/p>\n<\/li>\n<li data-start=\"1254\" data-end=\"1364\">\n<p data-start=\"1256\" data-end=\"1364\" class=\"translation-block\"><strong data-start=\"1256\" data-end=\"1290\">Renforcer l'intuition et la perspicacit\u00e9<\/strong>, en vous aidant \u00e0 prendre des d\u00e9cisions plus sages et plus s\u00fbres.<\/p>\n<\/li>\n<li data-start=\"1365\" data-end=\"1487\">\n<p data-start=\"1367\" data-end=\"1487\" class=\"translation-block\"><strong data-start=\"1367\" data-end=\"1397\">Protection naturelle<\/strong>, car une conscience accrue vous permet de d\u00e9tecter plus rapidement les dangers ou les \u00e9nergies n\u00e9gatives.<\/p>\n<\/li>\n<li data-start=\"1488\" data-end=\"1611\">\n<p data-start=\"1490\" data-end=\"1611\" class=\"translation-block\"><strong data-start=\"1490\" data-end=\"1532\">Maintien de l'\u00e9quilibre entre le corps et l'esprit<\/strong>, l'\u00e9nergie int\u00e9rieure harmonis\u00e9e \u00e9tant en mesure de r\u00e9guler de mani\u00e8re optimale le syst\u00e8me corporel.<\/p>\n<\/li>\n<li data-start=\"1612\" data-end=\"1703\">\n<p data-start=\"1614\" data-end=\"1703\" class=\"translation-block\"><strong data-start=\"1614\" data-end=\"1650\">Faire des souhaits et des bonnes intentions une r\u00e9alit\u00e9<\/strong>, gr\u00e2ce au pouvoir de la concentration, de la pri\u00e8re et des vibrations positives.<\/p>\n<\/li>\n<li data-start=\"1704\" data-end=\"1812\">\n<p data-start=\"1706\" data-end=\"1812\" class=\"translation-block\"><strong data-start=\"1706\" data-end=\"1758\">Soutenir le processus de gu\u00e9rison de soi et des autres<\/strong>, en utilisant l'\u00e9nergie spirituelle de la conscience pure.<\/p>\n<\/li>\n<\/ul>\n<p data-start=\"1814\" data-end=\"2013\" class=\"translation-block\">En d'autres termes, <strong data-start=\"1832\" data-end=\"1846\">le 6e sens<\/strong> est le pont entre la conscience humaine et l'\u00e9nergie universelle. Lorsque vous apprenez \u00e0 l'utiliser \u00e0 bon escient, la vie vous semble plus harmonieuse, plus consciente et plus riche de sens.<\/p>\n<hr data-start=\"2015\" data-end=\"2018\" \/>\n<h2 data-start=\"2020\" data-end=\"2062\"><strong data-start=\"2023\" data-end=\"2062\">Programme M\u00e9thode de l'atelier de formation \u00e0 l'aura chakra<\/strong><\/h2>\n<p data-start=\"2064\" data-end=\"2234\" class=\"translation-block\">Ce programme d'atelier Aura Chakra est con\u00e7u de mani\u00e8re naturelle et progressive. Chaque session rapproche les participants de la v\u00e9ritable conscience et de l'\u00e9quilibre \u00e9nerg\u00e9tique.<\/p>\n<h3 data-start=\"2236\" data-end=\"2276\"><strong data-start=\"2240\" data-end=\"2274\">1. Apprendre \u00e0 conna\u00eetre l'aura et les chakras<\/strong><\/h3>\n<p data-start=\"2277\" data-end=\"2426\">Les participants apprendront \u00e0 reconna\u00eetre la structure \u00e9nerg\u00e9tique du corps. En outre, vous comprendrez comment lire les vibrations de l'aura et leur signification pour l'\u00e9quilibre personnel.<\/p>\n<h3 data-start=\"2428\" data-end=\"2463\"><strong data-start=\"2432\" data-end=\"2461\">2. Initiation \u00e0 l'\u00e9nergie des chakras<\/strong><\/h3>\n<p data-start=\"2464\" data-end=\"2653\">\u00c0 ce stade, les sept chakras principaux sont ouverts et align\u00e9s. Ce processus permet d'acc\u00e9l\u00e9rer la gu\u00e9rison, de maintenir l'\u00e9quilibre de la vie et de renforcer les capacit\u00e9s de manifestation.<\/p>\n<h3 data-start=\"2655\" data-end=\"2699\"><strong data-start=\"2659\" data-end=\"2697\">3. M\u00e9ditation de canalisation Aura-Chakra<\/strong><\/h3>\n<p data-start=\"2700\" data-end=\"2857\">Gr\u00e2ce aux techniques de channeling, vous ouvrez des canaux d'\u00e9nergie pour renforcer votre aura. Ce faisant, le 6e sens devient plus sensible aux vibrations subtiles de l'univers.<\/p>\n<h3 data-start=\"2859\" data-end=\"2901\"><strong data-start=\"2863\" data-end=\"2899\">4. M\u00e9ditation sur l'\u00e9quilibre universel<\/strong><\/h3>\n<p data-start=\"2902\" data-end=\"3044\">L'\u00e9tape finale vous am\u00e8ne \u00e0 l'union avec l'\u00e9nergie infinie. De l\u00e0 naissent une profonde s\u00e9r\u00e9nit\u00e9 et une pure connexion spirituelle.<\/p>\n<p data-start=\"3046\" data-end=\"3149\">Chaque \u00e9tape est r\u00e9alis\u00e9e avec une guidance douce, une m\u00e9ditation dirig\u00e9e et l'\u00e9nergie d'amour universelle.<\/p>\n<hr data-start=\"3151\" data-end=\"3154\" \/>\n<h2 data-start=\"3156\" data-end=\"3173\" class=\"translation-block\"><strong data-start=\"3159\" data-end=\"3173\">Conclusions de <\/strong><strong data-start=\"298\" data-end=\"380\">l'atelier Aura Chakra<\/strong>.<\/h2>\n<p data-start=\"3174\" data-end=\"3439\" class=\"translation-block\">En fin de compte, les humains ne sont pas seulement cr\u00e9\u00e9s pour penser ou ressentir, mais aussi pour <strong data-start=\"3266\" data-end=\"3297\">r\u00e9aliser l'\u00e9nergie de la conscience<\/strong> dans la vie r\u00e9elle. En activant <strong data-start=\"3341\" data-end=\"3355\">le 6e sens<\/strong>, vous vivrez une vie plus harmonis\u00e9e, plus intuitive et plus spirituelle.<\/p>\n<p data-start=\"3441\" data-end=\"3529\" class=\"translation-block\">\u2728 Lorsque <strong data-start=\"3450\" data-end=\"3486\">la logique et la spiritualit\u00e9 se rejoignent<\/strong>, alors <strong data-start=\"3493\" data-end=\"3526\">la vraie conscience est r\u00e9alis\u00e9e<\/strong>.<\/p>","protected":false},"excerpt":{"rendered":"<p>Ateliers Aura chakra pour activer le 6\u00e8me sens, \u00e9quilibrer les chakras et projeter de l'\u00e9nergie positive pour manifester la vie.<\/p>\n<p><span style=\"font-weight: 400;\">Dur\u00e9e du programme th\u00e9rapeutique<\/span><\/p>\n<ul>\n<li style=\"font-weight: 400;\" aria-level=\"1\"><span style=\"font-weight: 400;\">4 r\u00e9unions en ligne ou hors ligne.<\/span><\/li>\n<li style=\"font-weight: 400;\" aria-level=\"1\"><span style=\"font-weight: 400;\">Chaque s\u00e9ance de th\u00e9rapie dure une heure.<\/span><\/li>\n<\/ul>","protected":false},"featured_media":5803,"comment_status":"open","ping_status":"closed","template":"","meta":{"_acf_changed":false,"_kad_blocks_custom_css":"","_kad_blocks_head_custom_js":"","_kad_blocks_body_custom_js":"","_kad_blocks_footer_custom_js":""},"product_brand":[],"product_cat":[53],"product_tag":[],"class_list":{"0":"post-5802","1":"product","2":"type-product","3":"status-publish","4":"has-post-thumbnail","6":"product_cat-workshop","8":"first","9":"instock","10":"shipping-taxable","11":"product-type-simple"},"acf":[],"yoast_head":"<!-- This site is optimized with the Yoast SEO Premium plugin v26.0 (Yoast SEO v27.4) - https:\/\/yoast.com\/product\/yoast-seo-premium-wordpress\/ -->\n<title>Aura Chakra Workshop<\/title>\n<meta name=\"description\" content=\"Aura chakra workshop untuk mengakifkan indera ke 6, menyeimbangkan chakra, dan memproyeksikan energi positif untuk mewujudkan kehidupan.\" \/>\n<meta name=\"robots\" content=\"index, follow, max-snippet:-1, max-image-preview:large, max-video-preview:-1\" \/>\n<link rel=\"canonical\" href=\"https:\/\/galungswa.com\/fr\/product-2\/atelier-aura-chakra\/\" \/>\n<meta property=\"og:locale\" content=\"fr_FR\" \/>\n<meta property=\"og:type\" content=\"article\" \/>\n<meta property=\"og:title\" content=\"Aura-chakra Workshop\" \/>\n<meta property=\"og:description\" content=\"Aura chakra workshop untuk mengakifkan indera ke 6, menyeimbangkan chakra, dan memproyeksikan energi positif untuk mewujudkan kehidupan.\" \/>\n<meta property=\"og:url\" content=\"https:\/\/galungswa.com\/fr\/product-2\/atelier-aura-chakra\/\" \/>\n<meta property=\"og:site_name\" content=\"Spiritual awareness &amp; chakra healing master\" \/>\n<meta property=\"article:modified_time\" content=\"2025-11-02T06:27:04+00:00\" \/>\n<meta property=\"og:image\" content=\"https:\/\/galungswa.com\/wp-content\/uploads\/2024\/07\/aura.jpg\" \/>\n\t<meta property=\"og:image:width\" content=\"1750\" \/>\n\t<meta property=\"og:image:height\" content=\"1540\" \/>\n\t<meta property=\"og:image:type\" content=\"image\/jpeg\" \/>\n<meta name=\"twitter:card\" content=\"summary_large_image\" \/>\n<meta name=\"twitter:site\" content=\"@galungswa\" \/>\n<meta name=\"twitter:label1\" content=\"Prix\" \/>\n\t<meta name=\"twitter:data1\" content=\"\" \/>\n\t<meta name=\"twitter:label2\" content=\"Disponibilit\u00e9\" \/>\n\t<meta name=\"twitter:data2\" content=\"En stock\" \/>\n<script type=\"application\/ld+json\" class=\"yoast-schema-graph\">{\"@context\":\"https:\\\/\\\/schema.org\",\"@graph\":[{\"@type\":\"WebPage\",\"@id\":\"https:\\\/\\\/galungswa.com\\\/produk\\\/aura-chakra-workshop\\\/\",\"url\":\"https:\\\/\\\/galungswa.com\\\/produk\\\/aura-chakra-workshop\\\/\",\"name\":\"Aura Chakra Workshop\",\"isPartOf\":{\"@id\":\"https:\\\/\\\/galungswa.com\\\/#website\"},\"primaryImageOfPage\":{\"@id\":\"https:\\\/\\\/galungswa.com\\\/produk\\\/aura-chakra-workshop\\\/#primaryimage\"},\"image\":{\"@id\":\"https:\\\/\\\/galungswa.com\\\/produk\\\/aura-chakra-workshop\\\/#primaryimage\"},\"thumbnailUrl\":\"https:\\\/\\\/galungswa.com\\\/wp-content\\\/uploads\\\/2024\\\/07\\\/aura.jpg\",\"datePublished\":\"2024-07-13T13:48:02+00:00\",\"dateModified\":\"2025-11-02T06:27:04+00:00\",\"description\":\"Aura chakra workshop untuk mengakifkan indera ke 6, menyeimbangkan chakra, dan memproyeksikan energi positif untuk mewujudkan kehidupan.\",\"breadcrumb\":{\"@id\":\"https:\\\/\\\/galungswa.com\\\/produk\\\/aura-chakra-workshop\\\/#breadcrumb\"},\"inLanguage\":\"fr-FR\",\"potentialAction\":[{\"@type\":\"ReadAction\",\"target\":[\"https:\\\/\\\/galungswa.com\\\/produk\\\/aura-chakra-workshop\\\/\"]}]},{\"@type\":\"ImageObject\",\"inLanguage\":\"fr-FR\",\"@id\":\"https:\\\/\\\/galungswa.com\\\/produk\\\/aura-chakra-workshop\\\/#primaryimage\",\"url\":\"https:\\\/\\\/galungswa.com\\\/wp-content\\\/uploads\\\/2024\\\/07\\\/aura.jpg\",\"contentUrl\":\"https:\\\/\\\/galungswa.com\\\/wp-content\\\/uploads\\\/2024\\\/07\\\/aura.jpg\",\"width\":1750,\"height\":1540,\"caption\":\"Aura Chakra Workshop\"},{\"@type\":\"BreadcrumbList\",\"@id\":\"https:\\\/\\\/galungswa.com\\\/produk\\\/aura-chakra-workshop\\\/#breadcrumb\",\"itemListElement\":[{\"@type\":\"ListItem\",\"position\":1,\"name\":\"Beranda\",\"item\":\"https:\\\/\\\/galungswa.com\\\/\"},{\"@type\":\"ListItem\",\"position\":2,\"name\":\"Layanan\",\"item\":\"https:\\\/\\\/galungswa.com\\\/id_id\\\/layanan\\\/\"},{\"@type\":\"ListItem\",\"position\":3,\"name\":\"Aura-chakra Workshop\"}]},{\"@type\":\"WebSite\",\"@id\":\"https:\\\/\\\/galungswa.com\\\/#website\",\"url\":\"https:\\\/\\\/galungswa.com\\\/\",\"name\":\"Spiritual Awereness & Chakra Healing\",\"description\":\"Perluas Batasan &amp; Wujudkan Impian\",\"publisher\":{\"@id\":\"https:\\\/\\\/galungswa.com\\\/#\\\/schema\\\/person\\\/3e0d3d42b2e1c9955ef95ee9f0d80a08\"},\"alternateName\":\"Galung Swa: Spiritual Awereness Mentor and Chakra Healer\",\"potentialAction\":[{\"@type\":\"SearchAction\",\"target\":{\"@type\":\"EntryPoint\",\"urlTemplate\":\"https:\\\/\\\/galungswa.com\\\/?s={search_term_string}\"},\"query-input\":{\"@type\":\"PropertyValueSpecification\",\"valueRequired\":true,\"valueName\":\"search_term_string\"}}],\"inLanguage\":\"fr-FR\"},{\"@type\":[\"Person\",\"Organization\"],\"@id\":\"https:\\\/\\\/galungswa.com\\\/#\\\/schema\\\/person\\\/3e0d3d42b2e1c9955ef95ee9f0d80a08\",\"name\":\"admings\",\"image\":{\"@type\":\"ImageObject\",\"inLanguage\":\"fr-FR\",\"@id\":\"https:\\\/\\\/galungswa.com\\\/wp-content\\\/uploads\\\/2024\\\/06\\\/200px-LOGO.png\",\"url\":\"https:\\\/\\\/galungswa.com\\\/wp-content\\\/uploads\\\/2024\\\/06\\\/200px-LOGO.png\",\"contentUrl\":\"https:\\\/\\\/galungswa.com\\\/wp-content\\\/uploads\\\/2024\\\/06\\\/200px-LOGO.png\",\"width\":200,\"height\":200,\"caption\":\"admings\"},\"logo\":{\"@id\":\"https:\\\/\\\/galungswa.com\\\/wp-content\\\/uploads\\\/2024\\\/06\\\/200px-LOGO.png\"},\"sameAs\":[\"https:\\\/\\\/galungswa.com\"]}]}<\/script>\n<meta property=\"product:price:currency\" content=\"IDR\" \/>\n<meta property=\"og:availability\" content=\"instock\" \/>\n<meta property=\"product:availability\" content=\"instock\" \/>\n<meta property=\"product:condition\" content=\"new\" \/>\n<!-- \/ Yoast SEO Premium plugin. -->","yoast_head_json":{"title":"Atelier Aura Chakra","description":"Ateliers Aura chakra pour activer le 6\u00e8me sens, \u00e9quilibrer les chakras et projeter de l'\u00e9nergie positive pour manifester la vie.","robots":{"index":"index","follow":"follow","max-snippet":"max-snippet:-1","max-image-preview":"max-image-preview:large","max-video-preview":"max-video-preview:-1"},"canonical":"https:\/\/galungswa.com\/fr\/product-2\/atelier-aura-chakra\/","og_locale":"fr_FR","og_type":"article","og_title":"Aura-chakra Workshop","og_description":"Aura chakra workshop untuk mengakifkan indera ke 6, menyeimbangkan chakra, dan memproyeksikan energi positif untuk mewujudkan kehidupan.","og_url":"https:\/\/galungswa.com\/fr\/product-2\/atelier-aura-chakra\/","og_site_name":"Spiritual awareness &amp; chakra healing master","article_modified_time":"2025-11-02T06:27:04+00:00","og_image":[{"width":1750,"height":1540,"url":"https:\/\/galungswa.com\/wp-content\/uploads\/2024\/07\/aura.jpg","type":"image\/jpeg"}],"twitter_card":"summary_large_image","twitter_site":"@galungswa","twitter_misc":{"Prix":"","Disponibilit\u00e9":"En stock"},"schema":{"@context":"https:\/\/schema.org","@graph":[{"@type":"WebPage","@id":"https:\/\/galungswa.com\/produk\/aura-chakra-workshop\/","url":"https:\/\/galungswa.com\/produk\/aura-chakra-workshop\/","name":"Atelier Aura Chakra","isPartOf":{"@id":"https:\/\/galungswa.com\/#website"},"primaryImageOfPage":{"@id":"https:\/\/galungswa.com\/produk\/aura-chakra-workshop\/#primaryimage"},"image":{"@id":"https:\/\/galungswa.com\/produk\/aura-chakra-workshop\/#primaryimage"},"thumbnailUrl":"https:\/\/galungswa.com\/wp-content\/uploads\/2024\/07\/aura.jpg","datePublished":"2024-07-13T13:48:02+00:00","dateModified":"2025-11-02T06:27:04+00:00","description":"Ateliers Aura chakra pour activer le 6\u00e8me sens, \u00e9quilibrer les chakras et projeter de l'\u00e9nergie positive pour manifester la vie.","breadcrumb":{"@id":"https:\/\/galungswa.com\/produk\/aura-chakra-workshop\/#breadcrumb"},"inLanguage":"fr-FR","potentialAction":[{"@type":"ReadAction","target":["https:\/\/galungswa.com\/produk\/aura-chakra-workshop\/"]}]},{"@type":"ImageObject","inLanguage":"fr-FR","@id":"https:\/\/galungswa.com\/produk\/aura-chakra-workshop\/#primaryimage","url":"https:\/\/galungswa.com\/wp-content\/uploads\/2024\/07\/aura.jpg","contentUrl":"https:\/\/galungswa.com\/wp-content\/uploads\/2024\/07\/aura.jpg","width":1750,"height":1540,"caption":"Aura Chakra Workshop"},{"@type":"BreadcrumbList","@id":"https:\/\/galungswa.com\/produk\/aura-chakra-workshop\/#breadcrumb","itemListElement":[{"@type":"ListItem","position":1,"name":"Beranda","item":"https:\/\/galungswa.com\/"},{"@type":"ListItem","position":2,"name":"Layanan","item":"https:\/\/galungswa.com\/id_id\/layanan\/"},{"@type":"ListItem","position":3,"name":"Aura-chakra Workshop"}]},{"@type":"WebSite","@id":"https:\/\/galungswa.com\/#website","url":"https:\/\/galungswa.com\/","name":"Conscience spirituelle et gu\u00e9rison des chakras","description":"Repousser les limites et r\u00e9aliser ses r\u00eaves","publisher":{"@id":"https:\/\/galungswa.com\/#\/schema\/person\/3e0d3d42b2e1c9955ef95ee9f0d80a08"},"alternateName":"Galung Swa: Spiritual Awereness Mentor and Chakra Healer","potentialAction":[{"@type":"SearchAction","target":{"@type":"EntryPoint","urlTemplate":"https:\/\/galungswa.com\/?s={search_term_string}"},"query-input":{"@type":"PropertyValueSpecification","valueRequired":true,"valueName":"search_term_string"}}],"inLanguage":"fr-FR"},{"@type":["Person","Organization"],"@id":"https:\/\/galungswa.com\/#\/schema\/person\/3e0d3d42b2e1c9955ef95ee9f0d80a08","name":"admissions","image":{"@type":"ImageObject","inLanguage":"fr-FR","@id":"https:\/\/galungswa.com\/wp-content\/uploads\/2024\/06\/200px-LOGO.png","url":"https:\/\/galungswa.com\/wp-content\/uploads\/2024\/06\/200px-LOGO.png","contentUrl":"https:\/\/galungswa.com\/wp-content\/uploads\/2024\/06\/200px-LOGO.png","width":200,"height":200,"caption":"admings"},"logo":{"@id":"https:\/\/galungswa.com\/wp-content\/uploads\/2024\/06\/200px-LOGO.png"},"sameAs":["https:\/\/galungswa.com"]}]},"product_price_currency":"IDR","og_availability":"instock","product_availability":"instock","product_condition":"new"},"taxonomy_info":{"product_cat":[{"value":53,"label":"Workshop"}]},"featured_image_src_large":["https:\/\/galungswa.com\/wp-content\/uploads\/2024\/07\/aura-595x1024.jpg",595,1024,true],"author_info":[],"comment_info":0,"_links":{"self":[{"href":"https:\/\/galungswa.com\/fr\/wp-json\/wp\/v2\/product\/5802","targetHints":{"allow":["GET"]}}],"collection":[{"href":"https:\/\/galungswa.com\/fr\/wp-json\/wp\/v2\/product"}],"about":[{"href":"https:\/\/galungswa.com\/fr\/wp-json\/wp\/v2\/types\/product"}],"replies":[{"embeddable":true,"href":"https:\/\/galungswa.com\/fr\/wp-json\/wp\/v2\/comments?post=5802"}],"wp:featuredmedia":[{"embeddable":true,"href":"https:\/\/galungswa.com\/fr\/wp-json\/wp\/v2\/media\/5803"}],"wp:attachment":[{"href":"https:\/\/galungswa.com\/fr\/wp-json\/wp\/v2\/media?parent=5802"}],"wp:term":[{"taxonomy":"product_brand","embeddable":true,"href":"https:\/\/galungswa.com\/fr\/wp-json\/wp\/v2\/product_brand?post=5802"},{"taxonomy":"product_cat","embeddable":true,"href":"https:\/\/galungswa.com\/fr\/wp-json\/wp\/v2\/product_cat?post=5802"},{"taxonomy":"product_tag","embeddable":true,"href":"https:\/\/galungswa.com\/fr\/wp-json\/wp\/v2\/product_tag?post=5802"}],"curies":[{"name":"wp","href":"https:\/\/api.w.org\/{rel}","templated":true}]}}