{"id":5650,"date":"2024-07-10T14:57:41","date_gmt":"2024-07-10T14:57:41","guid":{"rendered":"https:\/\/galungswa.com\/?post_type=product&#038;p=5650"},"modified":"2025-11-02T06:31:06","modified_gmt":"2025-11-02T06:31:06","slug":"bonne-chance-pour-la-therapie","status":"publish","type":"product","link":"https:\/\/galungswa.com\/fr\/product-2\/bonne-chance-pour-la-therapie\/","title":{"rendered":"Th\u00e9rapie de la fortune"},"content":{"rendered":"<h2 data-start=\"257\" data-end=\"340\"><strong data-start=\"260\" data-end=\"340\">Th\u00e9rapie de la chance - Activation de la fr\u00e9quence th\u00eata pour r\u00e9aliser les souhaits<\/strong><\/h2>\n<h3 data-start=\"342\" data-end=\"395\"><strong data-start=\"346\" data-end=\"395\">Apprenez \u00e0 conna\u00eetre votre \u00e9nergie chanceuse int\u00e9rieure<\/strong><\/h3>\n<p data-start=\"397\" data-end=\"810\" class=\"translation-block\"><strong>Th\u00e9rapie de la chance<\/strong> : Fondamentalement, chaque \u00eatre humain a un grand potentiel pour <strong data-start=\"456\" data-end=\"485\">cr\u00e9er de la chance<\/strong>. Cela est d\u00fb au fait que le cerveau humain \u00e9met <strong data-start=\"535\" data-end=\"567\">quatre niveaux de fr\u00e9quences \u00e9nerg\u00e9tiques<\/strong>, \u00e0 savoir b\u00eata, alpha, th\u00eata et delta.<br data-start=\"605\" data-end=\"608\">Toutefois, parmi les quatre, <strong data-start=\"637\" data-end=\"656\">la fr\u00e9quence th\u00eata<\/strong> est le niveau de conscience le plus puissant. Elle ouvre la porte \u00e0 des pouvoirs surnaturels, \u00e0 une intuition accrue et \u00e0 des capacit\u00e9s de manifestation spirituelle.<\/p>\n<p data-start=\"812\" data-end=\"1074\" class=\"translation-block\">Malheureusement, dans la vie de tous les jours, la plupart des gens ne fonctionnent qu'\u00e0 la <strong data-start=\"891\" data-end=\"909\">fr\u00e9quence b\u00eata<\/strong> - le niveau le plus faible qui tend \u00e0 \u00eatre rationnel et limit\u00e9. Par cons\u00e9quent, ils ont souvent du mal \u00e0 cr\u00e9er des opportunit\u00e9s, m\u00eame lorsqu'ils s'efforcent de r\u00e9aliser leurs attentes.<\/p>\n<hr data-start=\"1076\" data-end=\"1079\" \/>\n<h2 data-start=\"1081\" data-end=\"1117\"><strong data-start=\"1084\" data-end=\"1117\">Qu'est-ce que la th\u00e9rapie de la fortune ?<\/strong><\/h2>\n<p data-start=\"1119\" data-end=\"1376\" class=\"translation-block\"><strong data-start=\"1119\" data-end=\"1143\">La th\u00e9rapie de la chance<\/strong> est un processus d'autonomisation qui est <strong data-start=\"1181\" data-end=\"1213\">unique, simple et efficace<\/strong>.<\/p> <p><strong data-start=\"1214\" data-end=\"1217\">A travers cette m\u00e9thode, les clients sont form\u00e9s \u00e0 <strong data-start=\"1257\" data-end=\"1306\">se connecter activement \u00e0 la fr\u00e9quence th\u00eata<\/strong> et \u00e0 l'utiliser pour d\u00e9bloquer les opportunit\u00e9s de la chance dans la vie.<\/p>\n<p data-start=\"1378\" data-end=\"1618\" class=\"translation-block\">Cette s\u00e9ance de th\u00e9rapie combine la m\u00e9ditation guid\u00e9e, l'alignement \u00e9nerg\u00e9tique, ainsi que des techniques d'activation du subconscient.<br data-start=\"1490\" data-end=\"1493\">Avec une guidance douce, les clients apprennent \u00e0 g\u00e9rer l'\u00e9nergie th\u00eata pour transformer <strong data-start=\"1570\" data-end=\"1615\">les vibrations de la pens\u00e9e en une r\u00e9alit\u00e9 positive<\/strong>.<\/p>\n<hr data-start=\"1620\" data-end=\"1623\" \/>\n<h2 data-start=\"1625\" data-end=\"1659\"><strong data-start=\"1628\" data-end=\"1659\">Objectif de la th\u00e9rapie de la fortune<\/strong><\/h2>\n<p data-start=\"1661\" data-end=\"1706\">Ce programme est con\u00e7u pour aider les clients :<\/p>\n<ul data-start=\"1708\" data-end=\"2017\">\n<li data-start=\"1708\" data-end=\"1790\">\n<p data-start=\"1710\" data-end=\"1790\" class=\"translation-block\"><strong data-start=\"1710\" data-end=\"1741\">Comprendre le potentiel naturel du cerveau<\/strong>, notamment aux fr\u00e9quences <strong data-start=\"1768\" data-end=\"1787\">alpha et th\u00eata<\/strong>.<\/p>\n<\/li>\n<li data-start=\"1791\" data-end=\"1896\">\n<p data-start=\"1793\" data-end=\"1896\" class=\"translation-block\"><strong data-start=\"1793\" data-end=\"1822\">la conscience th\u00eata<\/strong>, afin de se connecter avec <strong data-start=\"1793\" data-end=\"1822\">l'\u00e9nergie surnaturelle et la sagesse divine<\/strong>.<\/p>\n<\/li>\n<li data-start=\"1897\" data-end=\"2017\">\n<p data-start=\"1899\" data-end=\"2017\" class=\"translation-block\"><strong data-start=\"1899\" data-end=\"1939\">Activer les fr\u00e9quences chanceuses<\/strong>, afin que les bonnes occasions se pr\u00e9sentent plus souvent et s'alignent sur les intentions positives.<\/p>\n<\/li>\n<\/ul>\n<p data-start=\"2019\" data-end=\"2153\" class=\"translation-block\">En tant que tel, il ne change pas seulement votre fa\u00e7on de penser, mais aussi <strong data-start=\"2095\" data-end=\"2150\">l'\u00e9nergie que vous rayonnez dans l'univers<\/strong>.<\/p>\n<hr data-start=\"2155\" data-end=\"2158\" \/>\n<h2 data-start=\"2160\" data-end=\"2196\"><strong data-start=\"2163\" data-end=\"2196\">Comment fonctionne cette th\u00e9rapie ?<\/strong><\/h2>\n<p data-start=\"2198\" data-end=\"2510\" class=\"translation-block\">Pendant la s\u00e9ance, le client est invit\u00e9 \u00e0 entrer dans un \u00e9tat de relaxation profonde.<br data-start=\"2278\" data-end=\"2281\">A ce stade, le cerveau entre dans l'onde th\u00eata, o\u00f9 la conscience subconsciente est pleinement ouverte.<br data-start=\"2381\" data-end=\"2384\">A partir de l\u00e0, les affirmations, les pri\u00e8res et les intentions positives seront plus faciles \u00e0 mat\u00e9rialiser parce qu'elles sont en ligne avec la fr\u00e9quence spirituelle de l'univers.<\/p>\n<p data-start=\"2512\" data-end=\"2648\">En outre, ce processus th\u00e9rapeutique \u00e9quilibre les chakras et l'\u00e9nergie de l'aura, de sorte que le corps et l'esprit deviennent plus l\u00e9gers et plus harmonieux.<\/p>\n<hr data-start=\"2650\" data-end=\"2653\" \/>\n<h2 data-start=\"2655\" data-end=\"2692\"><strong data-start=\"2658\" data-end=\"2692\">Les avantages que vous en retirerez<\/strong><\/h2>\n<ul data-start=\"2694\" data-end=\"2947\">\n<li data-start=\"2694\" data-end=\"2736\">\n<p data-start=\"2696\" data-end=\"2736\">L'esprit est plus calme et plus concentr\u00e9.<\/p>\n<\/li>\n<li data-start=\"2737\" data-end=\"2782\">\n<p data-start=\"2739\" data-end=\"2782\">L'\u00e9nergie du corps est l\u00e9g\u00e8re et \u00e9quilibr\u00e9e.<\/p>\n<\/li>\n<li data-start=\"2783\" data-end=\"2824\">\n<p data-start=\"2785\" data-end=\"2824\">L'intuition et la sensibilit\u00e9 int\u00e9rieure augmentent.<\/p>\n<\/li>\n<li data-start=\"2825\" data-end=\"2884\">\n<p data-start=\"2827\" data-end=\"2884\">Les bonnes occasions et les co\u00efncidences positives sont plus fr\u00e9quentes.<\/p>\n<\/li>\n<li data-start=\"2885\" data-end=\"2947\">\n<p data-start=\"2887\" data-end=\"2947\">La vie semble plus facile, plus naturelle et plus b\u00e9nie.<\/p>\n<\/li>\n<\/ul>\n<hr data-start=\"2949\" data-end=\"2952\" \/>\n<h3 data-start=\"2954\" data-end=\"3011\"><strong data-start=\"2958\" data-end=\"3011\">\u2728 \u00cates-vous pr\u00eat \u00e0 d\u00e9couvrir votre force int\u00e9rieure ?<\/strong><\/h3>\n<p data-start=\"3013\" data-end=\"3224\" class=\"translation-block\">C'est le bon moment pour ouvrir les portes de votre bonne fortune.<\/p> <p><strong data-start=\"3086\" data-end=\"3089\"><strong data-start=\"3089\" data-end=\"3114\">Contactez-nous aujourd'hui<\/strong> pour r\u00e9server une s\u00e9ance de <strong data-start=\"3134\" data-end=\"3158\">Th\u00e9rapie de la chance<\/strong>, et commencez le voyage vers une vie de miracles.<\/p>","protected":false},"excerpt":{"rendered":"<p>La Fortune Therapy vous aide \u00e0 activer la fr\u00e9quence th\u00eata pour attirer l'\u00e9nergie positive, ouvrir des opportunit\u00e9s et r\u00e9aliser une vie de b\u00e9n\u00e9dictions.<\/p>\n<p><strong>Comment cela fonctionne-t-il ?<\/strong><\/p>\n<p><span style=\"font-weight: 400;\">Les s\u00e9ances de th\u00e9rapie de la fortune peuvent se d\u00e9rouler en ligne ou hors ligne, ce qui vous permet de vous adapter \u00e0 votre emploi du temps. La th\u00e9rapie de la fortune se compose de 5 s\u00e9ances d'une dur\u00e9e d'une heure.<\/span><\/p>","protected":false},"featured_media":5651,"comment_status":"open","ping_status":"closed","template":"","meta":{"_acf_changed":false,"_kad_blocks_custom_css":"","_kad_blocks_head_custom_js":"","_kad_blocks_body_custom_js":"","_kad_blocks_footer_custom_js":""},"product_brand":[],"product_cat":[299],"product_tag":[],"class_list":{"0":"post-5650","1":"product","2":"type-product","3":"status-publish","4":"has-post-thumbnail","6":"product_cat-terapi","8":"first","9":"instock","10":"shipping-taxable","11":"product-type-simple"},"acf":[],"yoast_head":"<!-- This site is optimized with the Yoast SEO Premium plugin v26.0 (Yoast SEO v27.4) - https:\/\/yoast.com\/product\/yoast-seo-premium-wordpress\/ -->\n<title>Terapi Keberuntungan - Spiritual awareness &amp; chakra healing master<\/title>\n<meta name=\"description\" content=\"Terapi Keberuntungan membantu Anda mengaktifkan frekuensi theta untuk menarik energi positif, membuka peluang, dan mewujudkan kehidupan penuh keberkahan.\" \/>\n<meta name=\"robots\" content=\"index, follow, max-snippet:-1, max-image-preview:large, max-video-preview:-1\" \/>\n<link rel=\"canonical\" href=\"https:\/\/galungswa.com\/fr\/product-2\/bonne-chance-pour-la-therapie\/\" \/>\n<meta property=\"og:locale\" content=\"fr_FR\" \/>\n<meta property=\"og:type\" content=\"article\" \/>\n<meta property=\"og:title\" content=\"Terapi Keberuntungan\" \/>\n<meta property=\"og:description\" content=\"Terapi Keberuntungan membantu Anda mengaktifkan frekuensi theta untuk menarik energi positif, membuka peluang, dan mewujudkan kehidupan penuh keberkahan.\" \/>\n<meta property=\"og:url\" content=\"https:\/\/galungswa.com\/fr\/product-2\/bonne-chance-pour-la-therapie\/\" \/>\n<meta property=\"og:site_name\" content=\"Spiritual awareness &amp; chakra healing master\" \/>\n<meta property=\"article:modified_time\" content=\"2025-11-02T06:31:06+00:00\" \/>\n<meta property=\"og:image\" content=\"https:\/\/galungswa.com\/wp-content\/uploads\/2024\/07\/wellness-practices-self-care-world-health-day.jpg\" \/>\n\t<meta property=\"og:image:width\" content=\"1456\" \/>\n\t<meta property=\"og:image:height\" content=\"816\" \/>\n\t<meta property=\"og:image:type\" content=\"image\/jpeg\" \/>\n<meta name=\"twitter:card\" content=\"summary_large_image\" \/>\n<meta name=\"twitter:site\" content=\"@galungswa\" \/>\n<meta name=\"twitter:label1\" content=\"Prix\" \/>\n\t<meta name=\"twitter:data1\" content=\"\" \/>\n\t<meta name=\"twitter:label2\" content=\"Disponibilit\u00e9\" \/>\n\t<meta name=\"twitter:data2\" content=\"En stock\" \/>\n<script type=\"application\/ld+json\" class=\"yoast-schema-graph\">{\"@context\":\"https:\\\/\\\/schema.org\",\"@graph\":[{\"@type\":\"WebPage\",\"@id\":\"https:\\\/\\\/galungswa.com\\\/produk\\\/terapi-keberuntungan\\\/\",\"url\":\"https:\\\/\\\/galungswa.com\\\/produk\\\/terapi-keberuntungan\\\/\",\"name\":\"Terapi Keberuntungan - Spiritual awareness &amp; chakra healing master\",\"isPartOf\":{\"@id\":\"https:\\\/\\\/galungswa.com\\\/#website\"},\"primaryImageOfPage\":{\"@id\":\"https:\\\/\\\/galungswa.com\\\/produk\\\/terapi-keberuntungan\\\/#primaryimage\"},\"image\":{\"@id\":\"https:\\\/\\\/galungswa.com\\\/produk\\\/terapi-keberuntungan\\\/#primaryimage\"},\"thumbnailUrl\":\"https:\\\/\\\/galungswa.com\\\/wp-content\\\/uploads\\\/2024\\\/07\\\/wellness-practices-self-care-world-health-day.jpg\",\"datePublished\":\"2024-07-10T14:57:41+00:00\",\"dateModified\":\"2025-11-02T06:31:06+00:00\",\"description\":\"Terapi Keberuntungan membantu Anda mengaktifkan frekuensi theta untuk menarik energi positif, membuka peluang, dan mewujudkan kehidupan penuh keberkahan.\",\"breadcrumb\":{\"@id\":\"https:\\\/\\\/galungswa.com\\\/produk\\\/terapi-keberuntungan\\\/#breadcrumb\"},\"inLanguage\":\"fr-FR\",\"potentialAction\":[{\"@type\":\"ReadAction\",\"target\":[\"https:\\\/\\\/galungswa.com\\\/produk\\\/terapi-keberuntungan\\\/\"]}]},{\"@type\":\"ImageObject\",\"inLanguage\":\"fr-FR\",\"@id\":\"https:\\\/\\\/galungswa.com\\\/produk\\\/terapi-keberuntungan\\\/#primaryimage\",\"url\":\"https:\\\/\\\/galungswa.com\\\/wp-content\\\/uploads\\\/2024\\\/07\\\/wellness-practices-self-care-world-health-day.jpg\",\"contentUrl\":\"https:\\\/\\\/galungswa.com\\\/wp-content\\\/uploads\\\/2024\\\/07\\\/wellness-practices-self-care-world-health-day.jpg\",\"width\":1456,\"height\":816,\"caption\":\"terapi keberuntungan\"},{\"@type\":\"BreadcrumbList\",\"@id\":\"https:\\\/\\\/galungswa.com\\\/produk\\\/terapi-keberuntungan\\\/#breadcrumb\",\"itemListElement\":[{\"@type\":\"ListItem\",\"position\":1,\"name\":\"Beranda\",\"item\":\"https:\\\/\\\/galungswa.com\\\/\"},{\"@type\":\"ListItem\",\"position\":2,\"name\":\"Layanan\",\"item\":\"https:\\\/\\\/galungswa.com\\\/id_id\\\/layanan\\\/\"},{\"@type\":\"ListItem\",\"position\":3,\"name\":\"Terapi Keberuntungan\"}]},{\"@type\":\"WebSite\",\"@id\":\"https:\\\/\\\/galungswa.com\\\/#website\",\"url\":\"https:\\\/\\\/galungswa.com\\\/\",\"name\":\"Spiritual Awereness & Chakra Healing\",\"description\":\"Perluas Batasan &amp; Wujudkan Impian\",\"publisher\":{\"@id\":\"https:\\\/\\\/galungswa.com\\\/#\\\/schema\\\/person\\\/3e0d3d42b2e1c9955ef95ee9f0d80a08\"},\"alternateName\":\"Galung Swa: Spiritual Awereness Mentor and Chakra Healer\",\"potentialAction\":[{\"@type\":\"SearchAction\",\"target\":{\"@type\":\"EntryPoint\",\"urlTemplate\":\"https:\\\/\\\/galungswa.com\\\/?s={search_term_string}\"},\"query-input\":{\"@type\":\"PropertyValueSpecification\",\"valueRequired\":true,\"valueName\":\"search_term_string\"}}],\"inLanguage\":\"fr-FR\"},{\"@type\":[\"Person\",\"Organization\"],\"@id\":\"https:\\\/\\\/galungswa.com\\\/#\\\/schema\\\/person\\\/3e0d3d42b2e1c9955ef95ee9f0d80a08\",\"name\":\"admings\",\"image\":{\"@type\":\"ImageObject\",\"inLanguage\":\"fr-FR\",\"@id\":\"https:\\\/\\\/galungswa.com\\\/wp-content\\\/uploads\\\/2024\\\/06\\\/200px-LOGO.png\",\"url\":\"https:\\\/\\\/galungswa.com\\\/wp-content\\\/uploads\\\/2024\\\/06\\\/200px-LOGO.png\",\"contentUrl\":\"https:\\\/\\\/galungswa.com\\\/wp-content\\\/uploads\\\/2024\\\/06\\\/200px-LOGO.png\",\"width\":200,\"height\":200,\"caption\":\"admings\"},\"logo\":{\"@id\":\"https:\\\/\\\/galungswa.com\\\/wp-content\\\/uploads\\\/2024\\\/06\\\/200px-LOGO.png\"},\"sameAs\":[\"https:\\\/\\\/galungswa.com\"]}]}<\/script>\n<meta property=\"product:price:currency\" content=\"IDR\" \/>\n<meta property=\"og:availability\" content=\"instock\" \/>\n<meta property=\"product:availability\" content=\"instock\" \/>\n<meta property=\"product:condition\" content=\"new\" \/>\n<!-- \/ Yoast SEO Premium plugin. -->","yoast_head_json":{"title":"Fortune Therapy - Ma\u00eetre de la conscience spirituelle et de la gu\u00e9rison des chakras","description":"La Fortune Therapy vous aide \u00e0 activer la fr\u00e9quence th\u00eata pour attirer l'\u00e9nergie positive, ouvrir des opportunit\u00e9s et r\u00e9aliser une vie de b\u00e9n\u00e9dictions.","robots":{"index":"index","follow":"follow","max-snippet":"max-snippet:-1","max-image-preview":"max-image-preview:large","max-video-preview":"max-video-preview:-1"},"canonical":"https:\/\/galungswa.com\/fr\/product-2\/bonne-chance-pour-la-therapie\/","og_locale":"fr_FR","og_type":"article","og_title":"Terapi Keberuntungan","og_description":"Terapi Keberuntungan membantu Anda mengaktifkan frekuensi theta untuk menarik energi positif, membuka peluang, dan mewujudkan kehidupan penuh keberkahan.","og_url":"https:\/\/galungswa.com\/fr\/product-2\/bonne-chance-pour-la-therapie\/","og_site_name":"Spiritual awareness &amp; chakra healing master","article_modified_time":"2025-11-02T06:31:06+00:00","og_image":[{"width":1456,"height":816,"url":"https:\/\/galungswa.com\/wp-content\/uploads\/2024\/07\/wellness-practices-self-care-world-health-day.jpg","type":"image\/jpeg"}],"twitter_card":"summary_large_image","twitter_site":"@galungswa","twitter_misc":{"Prix":"","Disponibilit\u00e9":"En stock"},"schema":{"@context":"https:\/\/schema.org","@graph":[{"@type":"WebPage","@id":"https:\/\/galungswa.com\/produk\/terapi-keberuntungan\/","url":"https:\/\/galungswa.com\/produk\/terapi-keberuntungan\/","name":"Fortune Therapy - Ma\u00eetre de la conscience spirituelle et de la gu\u00e9rison des chakras","isPartOf":{"@id":"https:\/\/galungswa.com\/#website"},"primaryImageOfPage":{"@id":"https:\/\/galungswa.com\/produk\/terapi-keberuntungan\/#primaryimage"},"image":{"@id":"https:\/\/galungswa.com\/produk\/terapi-keberuntungan\/#primaryimage"},"thumbnailUrl":"https:\/\/galungswa.com\/wp-content\/uploads\/2024\/07\/wellness-practices-self-care-world-health-day.jpg","datePublished":"2024-07-10T14:57:41+00:00","dateModified":"2025-11-02T06:31:06+00:00","description":"La Fortune Therapy vous aide \u00e0 activer la fr\u00e9quence th\u00eata pour attirer l'\u00e9nergie positive, ouvrir des opportunit\u00e9s et r\u00e9aliser une vie de b\u00e9n\u00e9dictions.","breadcrumb":{"@id":"https:\/\/galungswa.com\/produk\/terapi-keberuntungan\/#breadcrumb"},"inLanguage":"fr-FR","potentialAction":[{"@type":"ReadAction","target":["https:\/\/galungswa.com\/produk\/terapi-keberuntungan\/"]}]},{"@type":"ImageObject","inLanguage":"fr-FR","@id":"https:\/\/galungswa.com\/produk\/terapi-keberuntungan\/#primaryimage","url":"https:\/\/galungswa.com\/wp-content\/uploads\/2024\/07\/wellness-practices-self-care-world-health-day.jpg","contentUrl":"https:\/\/galungswa.com\/wp-content\/uploads\/2024\/07\/wellness-practices-self-care-world-health-day.jpg","width":1456,"height":816,"caption":"terapi keberuntungan"},{"@type":"BreadcrumbList","@id":"https:\/\/galungswa.com\/produk\/terapi-keberuntungan\/#breadcrumb","itemListElement":[{"@type":"ListItem","position":1,"name":"Beranda","item":"https:\/\/galungswa.com\/"},{"@type":"ListItem","position":2,"name":"Layanan","item":"https:\/\/galungswa.com\/id_id\/layanan\/"},{"@type":"ListItem","position":3,"name":"Terapi Keberuntungan"}]},{"@type":"WebSite","@id":"https:\/\/galungswa.com\/#website","url":"https:\/\/galungswa.com\/","name":"Conscience spirituelle et gu\u00e9rison des chakras","description":"Repousser les limites et r\u00e9aliser ses r\u00eaves","publisher":{"@id":"https:\/\/galungswa.com\/#\/schema\/person\/3e0d3d42b2e1c9955ef95ee9f0d80a08"},"alternateName":"Galung Swa: Spiritual Awereness Mentor and Chakra Healer","potentialAction":[{"@type":"SearchAction","target":{"@type":"EntryPoint","urlTemplate":"https:\/\/galungswa.com\/?s={search_term_string}"},"query-input":{"@type":"PropertyValueSpecification","valueRequired":true,"valueName":"search_term_string"}}],"inLanguage":"fr-FR"},{"@type":["Person","Organization"],"@id":"https:\/\/galungswa.com\/#\/schema\/person\/3e0d3d42b2e1c9955ef95ee9f0d80a08","name":"admissions","image":{"@type":"ImageObject","inLanguage":"fr-FR","@id":"https:\/\/galungswa.com\/wp-content\/uploads\/2024\/06\/200px-LOGO.png","url":"https:\/\/galungswa.com\/wp-content\/uploads\/2024\/06\/200px-LOGO.png","contentUrl":"https:\/\/galungswa.com\/wp-content\/uploads\/2024\/06\/200px-LOGO.png","width":200,"height":200,"caption":"admings"},"logo":{"@id":"https:\/\/galungswa.com\/wp-content\/uploads\/2024\/06\/200px-LOGO.png"},"sameAs":["https:\/\/galungswa.com"]}]},"product_price_currency":"IDR","og_availability":"instock","product_availability":"instock","product_condition":"new"},"taxonomy_info":{"product_cat":[{"value":299,"label":"terapi"}]},"featured_image_src_large":["https:\/\/galungswa.com\/wp-content\/uploads\/2024\/07\/wellness-practices-self-care-world-health-day-595x816.jpg",595,816,true],"author_info":[],"comment_info":0,"_links":{"self":[{"href":"https:\/\/galungswa.com\/fr\/wp-json\/wp\/v2\/product\/5650","targetHints":{"allow":["GET"]}}],"collection":[{"href":"https:\/\/galungswa.com\/fr\/wp-json\/wp\/v2\/product"}],"about":[{"href":"https:\/\/galungswa.com\/fr\/wp-json\/wp\/v2\/types\/product"}],"replies":[{"embeddable":true,"href":"https:\/\/galungswa.com\/fr\/wp-json\/wp\/v2\/comments?post=5650"}],"wp:featuredmedia":[{"embeddable":true,"href":"https:\/\/galungswa.com\/fr\/wp-json\/wp\/v2\/media\/5651"}],"wp:attachment":[{"href":"https:\/\/galungswa.com\/fr\/wp-json\/wp\/v2\/media?parent=5650"}],"wp:term":[{"taxonomy":"product_brand","embeddable":true,"href":"https:\/\/galungswa.com\/fr\/wp-json\/wp\/v2\/product_brand?post=5650"},{"taxonomy":"product_cat","embeddable":true,"href":"https:\/\/galungswa.com\/fr\/wp-json\/wp\/v2\/product_cat?post=5650"},{"taxonomy":"product_tag","embeddable":true,"href":"https:\/\/galungswa.com\/fr\/wp-json\/wp\/v2\/product_tag?post=5650"}],"curies":[{"name":"wp","href":"https:\/\/api.w.org\/{rel}","templated":true}]}}