{"id":5539,"date":"2024-07-10T02:16:57","date_gmt":"2024-07-10T02:16:57","guid":{"rendered":"https:\/\/galungswa.com\/?post_type=product&#038;p=5539"},"modified":"2025-12-07T23:36:40","modified_gmt":"2025-12-07T23:36:40","slug":"lecture-du-tarot-des-marionnettes-2","status":"publish","type":"product","link":"https:\/\/galungswa.com\/fr\/product-2\/lecture-du-tarot-des-marionnettes-2\/","title":{"rendered":"Wayang Tarot Reading Bali by Galung Swa"},"content":{"rendered":"<h2 data-start=\"289\" data-end=\"359\"><strong data-start=\"292\" data-end=\"359\">Tarot Reading - Trouver des indices dans le subconscient<\/strong><\/h2>\n<p data-start=\"361\" data-end=\"422\"><strong data-start=\"365\" data-end=\"422\">D\u00e9couvrez les secrets de votre esprit int\u00e9rieur et la direction de votre destin avec la lecture du tarot. .<\/strong><\/p>\n<p data-start=\"209\" data-end=\"485\">La lecture du Tarot des marionnettes rouvre l'acc\u00e8s au pouvoir du subconscient - l'espace int\u00e9rieur le plus profond o\u00f9 r\u00e9sident les espoirs, les r\u00eaves et l'intuition. De nombreuses personnes se perdent, non pas parce qu'elles sont faibles, mais parce qu'elles oublient d'\u00e9couter leurs propres messages int\u00e9rieurs.<\/p>\n<p data-start=\"487\" data-end=\"839\">Avec Galung Swa, tarologue ayant plus de 30 ans d'exp\u00e9rience, vous serez invit\u00e9 \u00e0 interpr\u00e9ter les signes de l'univers, \u00e0 comprendre le sens de chaque \u00e9v\u00e9nement de la vie afin de prendre des d\u00e9cisions plus claires. Chaque s\u00e9ance n'est pas seulement une divination, mais un voyage de retour vers soi - renfor\u00e7ant les croyances, harmonisant les \u00e9nergies, et ouvrant un chemin plus lumineux dans la vie.<\/p>\n<hr data-start=\"1037\" data-end=\"1040\" \/>\n<h2 data-start=\"1042\" data-end=\"1082\"><strong data-start=\"1045\" data-end=\"1082\">Pourquoi utiliser le Tarot des marionnettes ?<\/strong><\/h2>\n<p data-start=\"1084\" data-end=\"1340\">La lecture du Tarot Wayang est une m\u00e9thode distinctive qui combine <strong data-start=\"1134\" data-end=\"1186\">Le symbolisme des marionnettes et la sagesse du tarot classique<\/strong>.<br data-start=\"1187\" data-end=\"1190\" \/>Cette combinaison vous permet de communiquer avec <strong data-start=\"1239\" data-end=\"1259\">subconscient<\/strong>, Les messages spirituels peuvent ainsi \u00eatre traduits de mani\u00e8re claire et significative.<\/p>\n<p data-start=\"1342\" data-end=\"1413\">En utilisant <strong data-start=\"1361\" data-end=\"1385\">Marionnettes du Tarot<\/strong>, Vous serez aid\u00e9 \u00e0.. :<\/p>\n<ul data-start=\"1415\" data-end=\"1792\">\n<li data-start=\"1415\" data-end=\"1532\">\n<p data-start=\"1417\" data-end=\"1532\" class=\"translation-block\"><strong data-start=\"1417\" data-end=\"1454\">Comprendre le potentiel du subconscient<\/strong>, afin que vous puissiez d\u00e9couvrir l'extraordinaire pouvoir qui a \u00e9t\u00e9 cach\u00e9.<\/p>\n<\/li>\n<li data-start=\"1533\" data-end=\"1664\">\n<p data-start=\"1535\" data-end=\"1664\" class=\"translation-block\"><strong data-start=\"1535\" data-end=\"1568\">Connexion avec l'\u00e9nergie int\u00e9rieure<\/strong>, afin de d\u00e9terrer des informations importantes pour faire face aux d\u00e9fis et d\u00e9terminer la voie \u00e0 suivre.<\/p>\n<\/li>\n<li data-start=\"1665\" data-end=\"1792\">\n<p data-start=\"1667\" data-end=\"1792\" class=\"translation-block\"><strong data-start=\"1667\" data-end=\"1703\">Activer le subconscient<\/strong>, afin que votre \u00e9nergie spirituelle commence \u00e0 travailler pour <strong data-start=\"1756\" data-end=\"1789\">r\u00e9aliser vos r\u00eaves et vos espoirs<\/strong>.<\/p>\n<\/li>\n<\/ul>\n<p data-start=\"1794\" data-end=\"1947\" class=\"translation-block\">Chaque carte de tarot qui s'ouvre n'est pas une co\u00efncidence, mais plut\u00f4t un message int\u00e9rieur qui vous guide vers une direction plus claire et plus significative dans la vie.<\/p>\n<hr data-start=\"1949\" data-end=\"1952\" \/>\n<h2 data-start=\"1954\" data-end=\"1992\"><strong data-start=\"1957\" data-end=\"1992\">La signification des marionnettes et du tarot<\/strong><\/h2>\n<p data-start=\"1994\" data-end=\"2269\">Le wayang symbolise <strong data-start=\"2014\" data-end=\"2041\">le voyage de l'\u00e2me humaine<\/strong> - de l'obscurit\u00e9 \u00e0 l'illumination. Si le tarot est <strong data-start=\"2103\" data-end=\"2122\">langage symbolique<\/strong> qui s'exprime par le biais de l'\u00e9nergie subconsciente. Lorsque les deux sont combin\u00e9s, un pont se forme entre la logique et l'intuition, entre le mental et l'esprit.<\/p>\n<p data-start=\"2271\" data-end=\"2411\">Par <strong data-start=\"2286\" data-end=\"2302\">Lecture du tarot<\/strong>, Vous ne regardez pas seulement vers l'avenir, mais aussi vers le futur. <strong data-start=\"2353\" data-end=\"2408\">trouver un sens v\u00e9ritable \u00e0 chaque exp\u00e9rience de la vie<\/strong>.<\/p>\n<hr data-start=\"2413\" data-end=\"2416\" \/>\n<h2 data-start=\"2418\" data-end=\"2467\"><strong data-start=\"2421\" data-end=\"2467\">Qu'obtiendrez-vous d'une s\u00e9ance de tarot ?<\/strong><\/h2>\n<ul data-start=\"2469\" data-end=\"2791\">\n<li data-start=\"2469\" data-end=\"2537\">\n<p data-start=\"2471\" data-end=\"2537\">Une compr\u00e9hension profonde de la direction de votre vie et du sens de vos exp\u00e9riences.<\/p>\n<\/li>\n<li data-start=\"2538\" data-end=\"2606\">\n<p data-start=\"2540\" data-end=\"2606\">Clart\u00e9 dans la prise de d\u00e9cisions importantes en toute confiance.<\/p>\n<\/li>\n<li data-start=\"2607\" data-end=\"2666\">\n<p data-start=\"2609\" data-end=\"2666\">Un lien \u00e9troit entre le conscient et le subconscient.<\/p>\n<\/li>\n<li data-start=\"2667\" data-end=\"2728\">\n<p data-start=\"2669\" data-end=\"2728\">Une nouvelle prise de conscience du potentiel spirituel qui est en vous.<\/p>\n<\/li>\n<li data-start=\"2729\" data-end=\"2791\">\n<p data-start=\"2731\" data-end=\"2791\">Une \u00e9nergie positive pour organiser l'avenir avec plus de confiance.<\/p>\n<\/li>\n<\/ul>\n<hr data-start=\"2793\" data-end=\"2796\" \/>\n<h3 data-start=\"2798\" data-end=\"2850\"><strong data-start=\"2802\" data-end=\"2850\">\u2728 Pr\u00eat \u00e0 organiser votre vie et votre avenir ?<\/strong><\/h3>\n<p data-start=\"2852\" data-end=\"3057\">Il est temps de tourner la page avec conscience et confiance. D\u00e9couvrez le message de <strong data-start=\"2946\" data-end=\"2966\">subconscient<\/strong> et laisser <strong data-start=\"2979\" data-end=\"3003\">Lecture du tarot par les marionnettes<\/strong> vous guider vers une vie plus radieuse.<\/p>\n<p data-start=\"3059\" data-end=\"3218\" class=\"translation-block\">\ud83d\udc49 <a class=\"decorated-link cursor-pointer\" target=\"_new\" rel=\"noopener\" data-start=\"3062\" data-end=\"3174\">Contactez-nous maintenant<\/a> pour r\u00e9server votre session priv\u00e9e d\u00e8s aujourd'hui.<\/p>","protected":false},"excerpt":{"rendered":"<p data-start=\"284\" data-end=\"612\">Recevoir des conseils spirituels de Galung Swa, <strong>Stylo de 30 ans<\/strong>exp\u00e9rience Wayang Tarot Reading Bali : comprendre les messages subconscients, la direction de la vie, et d\u00e9bloquer le potentiel des r\u00eaves\u201d.\u201d<\/p>\n<h3><span style=\"font-weight: 400;\">Peut \u00eatre en ligne ou hors ligne<\/span><\/h3>","protected":false},"featured_media":4746,"comment_status":"open","ping_status":"closed","template":"","meta":{"_acf_changed":false,"_kad_blocks_custom_css":"","_kad_blocks_head_custom_js":"","_kad_blocks_body_custom_js":"","_kad_blocks_footer_custom_js":""},"product_brand":[],"product_cat":[299],"product_tag":[],"class_list":{"0":"post-5539","1":"product","2":"type-product","3":"status-publish","4":"has-post-thumbnail","6":"product_cat-terapi","8":"first","9":"instock","10":"shipping-taxable","11":"purchasable","12":"product-type-simple"},"acf":[],"yoast_head":"<!-- This site is optimized with the Yoast SEO Premium plugin v26.0 (Yoast SEO v27.4) - https:\/\/yoast.com\/product\/yoast-seo-premium-wordpress\/ -->\n<title>Wayang Tarot Reading Bali by Galung Swa - Spiritual awareness &amp; chakra healing master wayang tarot reading<\/title>\n<meta name=\"description\" content=\"Dapatkan bimbingan spiritual Galung Swa, 30 tahun pengalaman Wayang Tarot Reading Bali: memahami pesan bawah sadar, arah hidup, dan membuka potensi impian.&quot;\" \/>\n<meta name=\"robots\" content=\"index, follow, max-snippet:-1, max-image-preview:large, max-video-preview:-1\" \/>\n<link rel=\"canonical\" href=\"https:\/\/galungswa.com\/fr\/produit\/lecture-du-tarot-des-marionnettes-2\/\" \/>\n<meta property=\"og:locale\" content=\"fr_FR\" \/>\n<meta property=\"og:type\" content=\"article\" \/>\n<meta property=\"og:title\" content=\"Wayang Tarot Reading Bali by Galung Swa\" \/>\n<meta property=\"og:description\" content=\"Dapatkan bimbingan spiritual Galung Swa, 30 tahun pengalaman Wayang Tarot Reading Bali: memahami pesan bawah sadar, arah hidup, dan membuka potensi impian.&quot;\" \/>\n<meta property=\"og:url\" content=\"https:\/\/galungswa.com\/fr\/produit\/lecture-du-tarot-des-marionnettes-2\/\" \/>\n<meta property=\"og:site_name\" content=\"Spiritual awareness &amp; chakra healing master\" \/>\n<meta property=\"article:modified_time\" content=\"2025-12-07T23:36:40+00:00\" \/>\n<meta property=\"og:image\" content=\"https:\/\/galungswa.com\/wp-content\/uploads\/2024\/07\/IMG_1004.jpg\" \/>\n\t<meta property=\"og:image:width\" content=\"567\" \/>\n\t<meta property=\"og:image:height\" content=\"530\" \/>\n\t<meta property=\"og:image:type\" content=\"image\/jpeg\" \/>\n<meta name=\"twitter:card\" content=\"summary_large_image\" \/>\n<meta name=\"twitter:site\" content=\"@galungswa\" \/>\n<meta name=\"twitter:label1\" content=\"Prix\" \/>\n\t<meta name=\"twitter:data1\" content=\"Rp600,000\" \/>\n\t<meta name=\"twitter:label2\" content=\"Disponibilit\u00e9\" \/>\n\t<meta name=\"twitter:data2\" content=\"En stock\" \/>\n<script type=\"application\/ld+json\" class=\"yoast-schema-graph\">{\"@context\":\"https:\\\/\\\/schema.org\",\"@graph\":[{\"@type\":\"WebPage\",\"@id\":\"https:\\\/\\\/galungswa.com\\\/en\\\/product\\\/puppet-tarot-reading-2\\\/\",\"url\":\"https:\\\/\\\/galungswa.com\\\/en\\\/product\\\/puppet-tarot-reading-2\\\/\",\"name\":\"Wayang Tarot Reading Bali by Galung Swa - Spiritual awareness &amp; chakra healing master wayang tarot reading\",\"isPartOf\":{\"@id\":\"https:\\\/\\\/galungswa.com\\\/#website\"},\"primaryImageOfPage\":{\"@id\":\"https:\\\/\\\/galungswa.com\\\/en\\\/product\\\/puppet-tarot-reading-2\\\/#primaryimage\"},\"image\":{\"@id\":\"https:\\\/\\\/galungswa.com\\\/en\\\/product\\\/puppet-tarot-reading-2\\\/#primaryimage\"},\"thumbnailUrl\":\"https:\\\/\\\/galungswa.com\\\/wp-content\\\/uploads\\\/2024\\\/07\\\/IMG_1004.jpg\",\"datePublished\":\"2024-07-10T02:16:57+00:00\",\"dateModified\":\"2025-12-07T23:36:40+00:00\",\"description\":\"Dapatkan bimbingan spiritual Galung Swa, 30 tahun pengalaman Wayang Tarot Reading Bali: memahami pesan bawah sadar, arah hidup, dan membuka potensi impian.\\\"\",\"breadcrumb\":{\"@id\":\"https:\\\/\\\/galungswa.com\\\/en\\\/product\\\/puppet-tarot-reading-2\\\/#breadcrumb\"},\"inLanguage\":\"fr-FR\",\"potentialAction\":[{\"@type\":\"ReadAction\",\"target\":[\"https:\\\/\\\/galungswa.com\\\/en\\\/product\\\/puppet-tarot-reading-2\\\/\"]}]},{\"@type\":\"ImageObject\",\"inLanguage\":\"fr-FR\",\"@id\":\"https:\\\/\\\/galungswa.com\\\/en\\\/product\\\/puppet-tarot-reading-2\\\/#primaryimage\",\"url\":\"https:\\\/\\\/galungswa.com\\\/wp-content\\\/uploads\\\/2024\\\/07\\\/IMG_1004.jpg\",\"contentUrl\":\"https:\\\/\\\/galungswa.com\\\/wp-content\\\/uploads\\\/2024\\\/07\\\/IMG_1004.jpg\",\"width\":567,\"height\":530,\"caption\":\"wayang tarot reading Bali\"},{\"@type\":\"BreadcrumbList\",\"@id\":\"https:\\\/\\\/galungswa.com\\\/en\\\/product\\\/puppet-tarot-reading-2\\\/#breadcrumb\",\"itemListElement\":[{\"@type\":\"ListItem\",\"position\":1,\"name\":\"Beranda\",\"item\":\"https:\\\/\\\/galungswa.com\\\/\"},{\"@type\":\"ListItem\",\"position\":2,\"name\":\"Layanan\",\"item\":\"https:\\\/\\\/galungswa.com\\\/id_id\\\/layanan\\\/\"},{\"@type\":\"ListItem\",\"position\":3,\"name\":\"Wayang Tarot Reading Bali by Galung Swa\"}]},{\"@type\":\"WebSite\",\"@id\":\"https:\\\/\\\/galungswa.com\\\/#website\",\"url\":\"https:\\\/\\\/galungswa.com\\\/\",\"name\":\"Spiritual Awereness & Chakra Healing\",\"description\":\"Perluas Batasan &amp; Wujudkan Impian\",\"publisher\":{\"@id\":\"https:\\\/\\\/galungswa.com\\\/#\\\/schema\\\/person\\\/3e0d3d42b2e1c9955ef95ee9f0d80a08\"},\"alternateName\":\"Galung Swa: Spiritual Awereness Mentor and Chakra Healer\",\"potentialAction\":[{\"@type\":\"SearchAction\",\"target\":{\"@type\":\"EntryPoint\",\"urlTemplate\":\"https:\\\/\\\/galungswa.com\\\/?s={search_term_string}\"},\"query-input\":{\"@type\":\"PropertyValueSpecification\",\"valueRequired\":true,\"valueName\":\"search_term_string\"}}],\"inLanguage\":\"fr-FR\"},{\"@type\":[\"Person\",\"Organization\"],\"@id\":\"https:\\\/\\\/galungswa.com\\\/#\\\/schema\\\/person\\\/3e0d3d42b2e1c9955ef95ee9f0d80a08\",\"name\":\"admings\",\"image\":{\"@type\":\"ImageObject\",\"inLanguage\":\"fr-FR\",\"@id\":\"https:\\\/\\\/galungswa.com\\\/wp-content\\\/uploads\\\/2024\\\/06\\\/200px-LOGO.png\",\"url\":\"https:\\\/\\\/galungswa.com\\\/wp-content\\\/uploads\\\/2024\\\/06\\\/200px-LOGO.png\",\"contentUrl\":\"https:\\\/\\\/galungswa.com\\\/wp-content\\\/uploads\\\/2024\\\/06\\\/200px-LOGO.png\",\"width\":200,\"height\":200,\"caption\":\"admings\"},\"logo\":{\"@id\":\"https:\\\/\\\/galungswa.com\\\/wp-content\\\/uploads\\\/2024\\\/06\\\/200px-LOGO.png\"},\"sameAs\":[\"https:\\\/\\\/galungswa.com\"]}]}<\/script>\n<meta property=\"product:price:amount\" content=\"600000\" \/>\n<meta property=\"product:price:currency\" content=\"IDR\" \/>\n<meta property=\"og:availability\" content=\"instock\" \/>\n<meta property=\"product:availability\" content=\"instock\" \/>\n<meta property=\"product:condition\" content=\"new\" \/>\n<!-- \/ Yoast SEO Premium plugin. -->","yoast_head_json":{"title":"Wayang Tarot Reading Bali by Galung Swa - Conscience spirituelle &amp; chakra healing master wayang tarot reading","description":"Obtenez les conseils spirituels de Galung Swa, 30 ans d'exp\u00e9rience de Wayang Tarot Reading Bali : comprendre les messages subconscients, la direction de la vie, et d\u00e9bloquer le potentiel des r\u00eaves\".\"","robots":{"index":"index","follow":"follow","max-snippet":"max-snippet:-1","max-image-preview":"max-image-preview:large","max-video-preview":"max-video-preview:-1"},"canonical":"https:\/\/galungswa.com\/fr\/produit\/lecture-du-tarot-des-marionnettes-2\/","og_locale":"fr_FR","og_type":"article","og_title":"Wayang Tarot Reading Bali by Galung Swa","og_description":"Dapatkan bimbingan spiritual Galung Swa, 30 tahun pengalaman Wayang Tarot Reading Bali: memahami pesan bawah sadar, arah hidup, dan membuka potensi impian.\"","og_url":"https:\/\/galungswa.com\/fr\/produit\/lecture-du-tarot-des-marionnettes-2\/","og_site_name":"Spiritual awareness &amp; chakra healing master","article_modified_time":"2025-12-07T23:36:40+00:00","og_image":[{"width":567,"height":530,"url":"https:\/\/galungswa.com\/wp-content\/uploads\/2024\/07\/IMG_1004.jpg","type":"image\/jpeg"}],"twitter_card":"summary_large_image","twitter_site":"@galungswa","twitter_misc":{"Prix":"Rp600,000","Disponibilit\u00e9":"En stock"},"schema":{"@context":"https:\/\/schema.org","@graph":[{"@type":"WebPage","@id":"https:\/\/galungswa.com\/en\/product\/puppet-tarot-reading-2\/","url":"https:\/\/galungswa.com\/en\/product\/puppet-tarot-reading-2\/","name":"Wayang Tarot Reading Bali by Galung Swa - Conscience spirituelle &amp; chakra healing master wayang tarot reading","isPartOf":{"@id":"https:\/\/galungswa.com\/#website"},"primaryImageOfPage":{"@id":"https:\/\/galungswa.com\/en\/product\/puppet-tarot-reading-2\/#primaryimage"},"image":{"@id":"https:\/\/galungswa.com\/en\/product\/puppet-tarot-reading-2\/#primaryimage"},"thumbnailUrl":"https:\/\/galungswa.com\/wp-content\/uploads\/2024\/07\/IMG_1004.jpg","datePublished":"2024-07-10T02:16:57+00:00","dateModified":"2025-12-07T23:36:40+00:00","description":"Obtenez les conseils spirituels de Galung Swa, 30 ans d'exp\u00e9rience de Wayang Tarot Reading Bali : comprendre les messages subconscients, la direction de la vie, et d\u00e9bloquer le potentiel des r\u00eaves\".\"","breadcrumb":{"@id":"https:\/\/galungswa.com\/en\/product\/puppet-tarot-reading-2\/#breadcrumb"},"inLanguage":"fr-FR","potentialAction":[{"@type":"ReadAction","target":["https:\/\/galungswa.com\/en\/product\/puppet-tarot-reading-2\/"]}]},{"@type":"ImageObject","inLanguage":"fr-FR","@id":"https:\/\/galungswa.com\/en\/product\/puppet-tarot-reading-2\/#primaryimage","url":"https:\/\/galungswa.com\/wp-content\/uploads\/2024\/07\/IMG_1004.jpg","contentUrl":"https:\/\/galungswa.com\/wp-content\/uploads\/2024\/07\/IMG_1004.jpg","width":567,"height":530,"caption":"wayang tarot reading Bali"},{"@type":"BreadcrumbList","@id":"https:\/\/galungswa.com\/en\/product\/puppet-tarot-reading-2\/#breadcrumb","itemListElement":[{"@type":"ListItem","position":1,"name":"Beranda","item":"https:\/\/galungswa.com\/"},{"@type":"ListItem","position":2,"name":"Layanan","item":"https:\/\/galungswa.com\/id_id\/layanan\/"},{"@type":"ListItem","position":3,"name":"Wayang Tarot Reading Bali by Galung Swa"}]},{"@type":"WebSite","@id":"https:\/\/galungswa.com\/#website","url":"https:\/\/galungswa.com\/","name":"Conscience spirituelle et gu\u00e9rison des chakras","description":"Repousser les limites et r\u00e9aliser ses r\u00eaves","publisher":{"@id":"https:\/\/galungswa.com\/#\/schema\/person\/3e0d3d42b2e1c9955ef95ee9f0d80a08"},"alternateName":"Galung Swa: Spiritual Awereness Mentor and Chakra Healer","potentialAction":[{"@type":"SearchAction","target":{"@type":"EntryPoint","urlTemplate":"https:\/\/galungswa.com\/?s={search_term_string}"},"query-input":{"@type":"PropertyValueSpecification","valueRequired":true,"valueName":"search_term_string"}}],"inLanguage":"fr-FR"},{"@type":["Person","Organization"],"@id":"https:\/\/galungswa.com\/#\/schema\/person\/3e0d3d42b2e1c9955ef95ee9f0d80a08","name":"admissions","image":{"@type":"ImageObject","inLanguage":"fr-FR","@id":"https:\/\/galungswa.com\/wp-content\/uploads\/2024\/06\/200px-LOGO.png","url":"https:\/\/galungswa.com\/wp-content\/uploads\/2024\/06\/200px-LOGO.png","contentUrl":"https:\/\/galungswa.com\/wp-content\/uploads\/2024\/06\/200px-LOGO.png","width":200,"height":200,"caption":"admings"},"logo":{"@id":"https:\/\/galungswa.com\/wp-content\/uploads\/2024\/06\/200px-LOGO.png"},"sameAs":["https:\/\/galungswa.com"]}]},"product_price_amount":"600000","product_price_currency":"IDR","og_availability":"instock","product_availability":"instock","product_condition":"new"},"taxonomy_info":{"product_cat":[{"value":299,"label":"terapi"}]},"featured_image_src_large":["https:\/\/galungswa.com\/wp-content\/uploads\/2024\/07\/IMG_1004.jpg",567,530,false],"author_info":[],"comment_info":0,"_links":{"self":[{"href":"https:\/\/galungswa.com\/fr\/wp-json\/wp\/v2\/product\/5539","targetHints":{"allow":["GET"]}}],"collection":[{"href":"https:\/\/galungswa.com\/fr\/wp-json\/wp\/v2\/product"}],"about":[{"href":"https:\/\/galungswa.com\/fr\/wp-json\/wp\/v2\/types\/product"}],"replies":[{"embeddable":true,"href":"https:\/\/galungswa.com\/fr\/wp-json\/wp\/v2\/comments?post=5539"}],"wp:featuredmedia":[{"embeddable":true,"href":"https:\/\/galungswa.com\/fr\/wp-json\/wp\/v2\/media\/4746"}],"wp:attachment":[{"href":"https:\/\/galungswa.com\/fr\/wp-json\/wp\/v2\/media?parent=5539"}],"wp:term":[{"taxonomy":"product_brand","embeddable":true,"href":"https:\/\/galungswa.com\/fr\/wp-json\/wp\/v2\/product_brand?post=5539"},{"taxonomy":"product_cat","embeddable":true,"href":"https:\/\/galungswa.com\/fr\/wp-json\/wp\/v2\/product_cat?post=5539"},{"taxonomy":"product_tag","embeddable":true,"href":"https:\/\/galungswa.com\/fr\/wp-json\/wp\/v2\/product_tag?post=5539"}],"curies":[{"name":"wp","href":"https:\/\/api.w.org\/{rel}","templated":true}]}}